{"id":5933,"date":"2022-09-28T14:52:18","date_gmt":"2022-09-28T14:52:18","guid":{"rendered":"https:\/\/laby.es\/?page_id=5933"},"modified":"2024-04-15T10:05:03","modified_gmt":"2024-04-15T08:05:03","slug":"politica-de-calidad","status":"publish","type":"page","link":"https:\/\/laby.es\/es\/politica-de-calidad\/","title":{"rendered":"Pol\u00edtica de Calidad"},"content":{"rendered":"\n<h1 class=\"wp-block-heading\">Pol\u00edtica de Calidad<\/h1>\n\n\n\n<p><strong>Laby Aplicaciones T\u00e9cnicas S.L.<\/strong>&nbsp;se dedica a&nbsp;<strong>ofrecer servicios inform\u00e1ticos relacionados con la recuperaci\u00f3n de datos y proyectos y servicios de peritaje inform\u00e1ticos<\/strong>. La Direcci\u00f3n de&nbsp;<strong>Laby Aplicaciones T\u00e9cnicas S.L.<\/strong>&nbsp;manifiesta su compromiso con el&nbsp;<strong>sistema de gesti\u00f3n de la Calidad implantado<\/strong>&nbsp;y anima al personal para que se integre y participe en el mismo.<\/p>\n\n\n\n<p>La pol\u00edtica refleja la clara orientaci\u00f3n que tenemos hacia lo que consideramos dos factores claves:<br>&#8211;&nbsp;<strong>Clientes:<\/strong>&nbsp;la satisfacci\u00f3n y la fidelizaci\u00f3n de nuestros clientes es un objetivo prioritario.<br>&#8211;&nbsp;<strong>Resultados:<\/strong>&nbsp;buscamos el equilibrio y la m\u00e1xima satisfacci\u00f3n de todas las partes interesadas.<\/p>\n\n\n\n<p>Por todo esto en&nbsp;<strong>Laby Aplicaciones T\u00e9cnicas S.L.<\/strong>&nbsp;nos comprometemos a:<br>&#8211; Satisfacer las necesidades de nuestros clientes, bas\u00e1ndonos en la&nbsp;<strong>mejora continua<\/strong>&nbsp;de nuestro servicio.<br>&#8211;&nbsp;<strong>Conocer las necesidades y expectativas de todas las partes interesadas que son pertinentes al sistema de gesti\u00f3n<\/strong>.<br>&#8211;&nbsp;<strong>Cumplir con la legislaci\u00f3n<\/strong>&nbsp;vigente en materia de Calidad, adem\u00e1s de otros requisitos que puedan ser requeridos de conformidad con nuestros clientes y\/o partes interesadas.<br>&#8211; Establecer una&nbsp;<strong>comunicaci\u00f3n eficaz y continua<\/strong>&nbsp;para detectar necesidades y mejorar la gesti\u00f3n del sistema.<br>&#8211;&nbsp;<strong>Proveer los recursos<\/strong>&nbsp;necesarios para el desarrollo y la implantaci\u00f3n del SG.<br>&#8211;&nbsp;<strong>Establecer objetivos y metas acordes con el contexto de la organizaci\u00f3n y la estrategia a seguir por la misma, mejorando continuamente su eficacia<\/strong>&nbsp;mediante un seguimiento exhaustivo y revisiones peri\u00f3dicas.<\/p>\n\n\n\n<p>La Direcci\u00f3n de&nbsp;<strong>Laby Aplicaciones T\u00e9cnicas S.L.<\/strong>&nbsp;asegura que esta pol\u00edtica es distribuida, entendida y aceptada por todo el personal de la organizaci\u00f3n, adem\u00e1s de proveedores y colaboradores cuando se considere necesario, pudiendo ser consultada por cualquier persona ajena a esta organizaci\u00f3n a trav\u00e9s de nuestra p\u00e1gina web&nbsp;<a href=\"https:\/\/www.laby.es\/\">https:\/\/www.laby.es\/<\/a><\/p>\n\n\n\n<p><strong>Barcelona, 14 de Marzo de 2024<\/strong><\/p>\n\n\n\n<p><\/p>\n","protected":false},"excerpt":{"rendered":"<p>Pol\u00edtica de Calidad Laby Aplicaciones T\u00e9cnicas S.L.&nbsp;se dedica a&nbsp;ofrecer servicios inform\u00e1ticos relacionados con la recuperaci\u00f3n de datos y proyectos y servicios de peritaje inform\u00e1ticos. La Direcci\u00f3n de&nbsp;Laby Aplicaciones T\u00e9cnicas S.L.&nbsp;manifiesta su compromiso con el&nbsp;sistema de gesti\u00f3n de la Calidad implantado&nbsp;y anima al personal para que se integre y participe en el mismo. La pol\u00edtica refleja [&hellip;]<\/p>\n","protected":false},"author":6,"featured_media":0,"parent":0,"menu_order":0,"comment_status":"closed","ping_status":"closed","template":"","meta":{"footnotes":""},"categories":[],"tags":[],"class_list":["post-5933","page","type-page","status-publish","hentry"],"yoast_head":"<!-- This site is optimized with the Yoast SEO plugin v27.3 - https:\/\/yoast.com\/product\/yoast-seo-wordpress\/ -->\n<title>Pol\u00edtica de Calidad - Laby<\/title>\n<meta name=\"robots\" content=\"noindex, nofollow\" \/>\n<meta property=\"og:locale\" content=\"es_ES\" \/>\n<meta property=\"og:type\" content=\"article\" \/>\n<meta property=\"og:title\" content=\"Pol\u00edtica de Calidad - Laby\" \/>\n<meta property=\"og:description\" content=\"Pol\u00edtica de Calidad Laby Aplicaciones T\u00e9cnicas S.L.&nbsp;se dedica a&nbsp;ofrecer servicios inform\u00e1ticos relacionados con la recuperaci\u00f3n de datos y proyectos y servicios de peritaje inform\u00e1ticos. La Direcci\u00f3n de&nbsp;Laby Aplicaciones T\u00e9cnicas S.L.&nbsp;manifiesta su compromiso con el&nbsp;sistema de gesti\u00f3n de la Calidad implantado&nbsp;y anima al personal para que se integre y participe en el mismo. La pol\u00edtica refleja [&hellip;]\" \/>\n<meta property=\"og:url\" content=\"https:\/\/laby.es\/es\/politica-de-calidad\/\" \/>\n<meta property=\"og:site_name\" content=\"Laby\" \/>\n<meta property=\"article:modified_time\" content=\"2024-04-15T08:05:03+00:00\" \/>\n<meta property=\"og:image\" content=\"https:\/\/laby.es\/wp-content\/uploads\/2022\/11\/laby_forever_data-scaled.jpg\" \/>\n\t<meta property=\"og:image:width\" content=\"2560\" \/>\n\t<meta property=\"og:image:height\" content=\"1152\" \/>\n\t<meta property=\"og:image:type\" content=\"image\/jpeg\" \/>\n<meta name=\"twitter:card\" content=\"summary_large_image\" \/>\n<meta name=\"twitter:label1\" content=\"Tiempo de lectura\" \/>\n\t<meta name=\"twitter:data1\" content=\"2 minutos\" \/>\n<script type=\"application\/ld+json\" class=\"yoast-schema-graph\">{\"@context\":\"https:\\\/\\\/schema.org\",\"@graph\":[{\"@type\":\"WebPage\",\"@id\":\"https:\\\/\\\/laby.es\\\/es\\\/politica-de-calidad\\\/\",\"url\":\"https:\\\/\\\/laby.es\\\/es\\\/politica-de-calidad\\\/\",\"name\":\"Pol\u00edtica de Calidad - Laby\",\"isPartOf\":{\"@id\":\"https:\\\/\\\/laby.es\\\/es\\\/#website\"},\"datePublished\":\"2022-09-28T14:52:18+00:00\",\"dateModified\":\"2024-04-15T08:05:03+00:00\",\"breadcrumb\":{\"@id\":\"https:\\\/\\\/laby.es\\\/es\\\/politica-de-calidad\\\/#breadcrumb\"},\"inLanguage\":\"es\",\"potentialAction\":[{\"@type\":\"ReadAction\",\"target\":[\"https:\\\/\\\/laby.es\\\/es\\\/politica-de-calidad\\\/\"]}]},{\"@type\":\"BreadcrumbList\",\"@id\":\"https:\\\/\\\/laby.es\\\/es\\\/politica-de-calidad\\\/#breadcrumb\",\"itemListElement\":[{\"@type\":\"ListItem\",\"position\":1,\"name\":\"Portada\",\"item\":\"https:\\\/\\\/laby.es\\\/es\\\/\"},{\"@type\":\"ListItem\",\"position\":2,\"name\":\"Pol\u00edtica de Calidad\"}]},{\"@type\":\"WebSite\",\"@id\":\"https:\\\/\\\/laby.es\\\/es\\\/#website\",\"url\":\"https:\\\/\\\/laby.es\\\/es\\\/\",\"name\":\"Laby\",\"description\":\"Servicio de recuperaci\u00f3n de datos en Barcelona\",\"publisher\":{\"@id\":\"https:\\\/\\\/laby.es\\\/es\\\/#organization\"},\"potentialAction\":[{\"@type\":\"SearchAction\",\"target\":{\"@type\":\"EntryPoint\",\"urlTemplate\":\"https:\\\/\\\/laby.es\\\/es\\\/?s={search_term_string}\"},\"query-input\":{\"@type\":\"PropertyValueSpecification\",\"valueRequired\":true,\"valueName\":\"search_term_string\"}}],\"inLanguage\":\"es\"},{\"@type\":\"Organization\",\"@id\":\"https:\\\/\\\/laby.es\\\/es\\\/#organization\",\"name\":\"Laby\",\"url\":\"https:\\\/\\\/laby.es\\\/es\\\/\",\"logo\":{\"@type\":\"ImageObject\",\"inLanguage\":\"es\",\"@id\":\"https:\\\/\\\/laby.es\\\/es\\\/#\\\/schema\\\/logo\\\/image\\\/\",\"url\":\"https:\\\/\\\/laby.es\\\/wp-content\\\/uploads\\\/2022\\\/08\\\/logo-laby.png\",\"contentUrl\":\"https:\\\/\\\/laby.es\\\/wp-content\\\/uploads\\\/2022\\\/08\\\/logo-laby.png\",\"width\":150,\"height\":42,\"caption\":\"Laby\"},\"image\":{\"@id\":\"https:\\\/\\\/laby.es\\\/es\\\/#\\\/schema\\\/logo\\\/image\\\/\"}}]}<\/script>\n<!-- \/ Yoast SEO plugin. -->","yoast_head_json":{"title":"Pol\u00edtica de Calidad - Laby","robots":{"index":"noindex","follow":"nofollow"},"og_locale":"es_ES","og_type":"article","og_title":"Pol\u00edtica de Calidad - Laby","og_description":"Pol\u00edtica de Calidad Laby Aplicaciones T\u00e9cnicas S.L.&nbsp;se dedica a&nbsp;ofrecer servicios inform\u00e1ticos relacionados con la recuperaci\u00f3n de datos y proyectos y servicios de peritaje inform\u00e1ticos. La Direcci\u00f3n de&nbsp;Laby Aplicaciones T\u00e9cnicas S.L.&nbsp;manifiesta su compromiso con el&nbsp;sistema de gesti\u00f3n de la Calidad implantado&nbsp;y anima al personal para que se integre y participe en el mismo. La pol\u00edtica refleja [&hellip;]","og_url":"https:\/\/laby.es\/es\/politica-de-calidad\/","og_site_name":"Laby","article_modified_time":"2024-04-15T08:05:03+00:00","og_image":[{"width":2560,"height":1152,"url":"https:\/\/laby.es\/wp-content\/uploads\/2022\/11\/laby_forever_data-scaled.jpg","type":"image\/jpeg"}],"twitter_card":"summary_large_image","twitter_misc":{"Tiempo de lectura":"2 minutos"},"schema":{"@context":"https:\/\/schema.org","@graph":[{"@type":"WebPage","@id":"https:\/\/laby.es\/es\/politica-de-calidad\/","url":"https:\/\/laby.es\/es\/politica-de-calidad\/","name":"Pol\u00edtica de Calidad - Laby","isPartOf":{"@id":"https:\/\/laby.es\/es\/#website"},"datePublished":"2022-09-28T14:52:18+00:00","dateModified":"2024-04-15T08:05:03+00:00","breadcrumb":{"@id":"https:\/\/laby.es\/es\/politica-de-calidad\/#breadcrumb"},"inLanguage":"es","potentialAction":[{"@type":"ReadAction","target":["https:\/\/laby.es\/es\/politica-de-calidad\/"]}]},{"@type":"BreadcrumbList","@id":"https:\/\/laby.es\/es\/politica-de-calidad\/#breadcrumb","itemListElement":[{"@type":"ListItem","position":1,"name":"Portada","item":"https:\/\/laby.es\/es\/"},{"@type":"ListItem","position":2,"name":"Pol\u00edtica de Calidad"}]},{"@type":"WebSite","@id":"https:\/\/laby.es\/es\/#website","url":"https:\/\/laby.es\/es\/","name":"Laby","description":"Servicio de recuperaci\u00f3n de datos en Barcelona","publisher":{"@id":"https:\/\/laby.es\/es\/#organization"},"potentialAction":[{"@type":"SearchAction","target":{"@type":"EntryPoint","urlTemplate":"https:\/\/laby.es\/es\/?s={search_term_string}"},"query-input":{"@type":"PropertyValueSpecification","valueRequired":true,"valueName":"search_term_string"}}],"inLanguage":"es"},{"@type":"Organization","@id":"https:\/\/laby.es\/es\/#organization","name":"Laby","url":"https:\/\/laby.es\/es\/","logo":{"@type":"ImageObject","inLanguage":"es","@id":"https:\/\/laby.es\/es\/#\/schema\/logo\/image\/","url":"https:\/\/laby.es\/wp-content\/uploads\/2022\/08\/logo-laby.png","contentUrl":"https:\/\/laby.es\/wp-content\/uploads\/2022\/08\/logo-laby.png","width":150,"height":42,"caption":"Laby"},"image":{"@id":"https:\/\/laby.es\/es\/#\/schema\/logo\/image\/"}}]}},"_links":{"self":[{"href":"https:\/\/laby.es\/es\/wp-json\/wp\/v2\/pages\/5933","targetHints":{"allow":["GET"]}}],"collection":[{"href":"https:\/\/laby.es\/es\/wp-json\/wp\/v2\/pages"}],"about":[{"href":"https:\/\/laby.es\/es\/wp-json\/wp\/v2\/types\/page"}],"author":[{"embeddable":true,"href":"https:\/\/laby.es\/es\/wp-json\/wp\/v2\/users\/6"}],"replies":[{"embeddable":true,"href":"https:\/\/laby.es\/es\/wp-json\/wp\/v2\/comments?post=5933"}],"version-history":[{"count":3,"href":"https:\/\/laby.es\/es\/wp-json\/wp\/v2\/pages\/5933\/revisions"}],"predecessor-version":[{"id":16296,"href":"https:\/\/laby.es\/es\/wp-json\/wp\/v2\/pages\/5933\/revisions\/16296"}],"wp:attachment":[{"href":"https:\/\/laby.es\/es\/wp-json\/wp\/v2\/media?parent=5933"}],"wp:term":[{"taxonomy":"category","embeddable":true,"href":"https:\/\/laby.es\/es\/wp-json\/wp\/v2\/categories?post=5933"},{"taxonomy":"post_tag","embeddable":true,"href":"https:\/\/laby.es\/es\/wp-json\/wp\/v2\/tags?post=5933"}],"curies":[{"name":"wp","href":"https:\/\/api.w.org\/{rel}","templated":true}]}}