{"id":4211,"date":"2022-09-28T14:37:30","date_gmt":"2022-09-28T12:37:30","guid":{"rendered":"https:\/\/laby.es\/?page_id=4211"},"modified":"2024-05-02T18:26:56","modified_gmt":"2024-05-02T16:26:56","slug":"aviso-legal","status":"publish","type":"page","link":"https:\/\/laby.es\/es\/aviso-legal\/","title":{"rendered":"Aviso Legal"},"content":{"rendered":"\n<p><strong>LEY DE LOS SERVICIOS DE LA SOCIEDAD DE LA INFORMACI\u00d3N (LSSI)<\/strong><\/p>\n\n\n\n<p><a href=\"https:\/\/laby.es\/wp-content\/uploads\/2023\/03\/LABY_APLICACIONES_TECNICAS_SL_Aviso_legal_.pdf\" target=\"_blank\" rel=\"noreferrer noopener\">Documento PDF Aviso Legal<\/a><\/p>\n\n\n\n<p><\/p>\n\n\n\n<p>LABY APLICACIONES T\u00c9CNICAS, S.L., responsable del sitio web, en adelante RESPONSABLE, pone a disposici\u00f3n de<br>los usuarios el presente documento, con el que pretende dar cumplimiento a las obligaciones dispuestas en la<br>Ley 34\/2002, de 11 de julio, de Servicios de la Sociedad de la Informaci\u00f3n y de Comercio Electr\u00f3nico (LSSICE),<br>BOE N \u00ba 166, as\u00ed como informar a todos los usuarios del sitio web respecto a cu\u00e1les son las condiciones de uso.<br>Toda persona que acceda a este sitio web asume el papel de usuario, comprometi\u00e9ndose a la observancia y<br>cumplimiento riguroso de las disposiciones aqu\u00ed dispuestas, as\u00ed como a cualquier otra disposici\u00f3n legal que fuera<br>de aplicaci\u00f3n.<br>LABY APLICACIONES T\u00c9CNICAS, S.L. se reserva el derecho de modificar cualquier tipo de informaci\u00f3n que pudiera<br>aparecer en el sitio web, sin que exista obligaci\u00f3n de preavisar o poner en conocimiento de los usuarios dichas<br>obligaciones, entendi\u00e9ndose como suficiente con la publicaci\u00f3n en el sitio web de LABY APLICACIONES<br>T\u00c9CNICAS, S.L..<\/p>\n\n\n\n<ol class=\"wp-block-list\">\n<li><strong>DATOS IDENTIFICATIVOS<\/strong><br><br>Nombre de dominio: <a href=\"https:\/\/laby.es\/es\/\">laby.es<\/a><br>Nombre comercial: LABY APLICACIONES T\u00c9CNICAS<br>Denominaci\u00f3n social: LABY APLICACIONES T\u00c9CNICAS, S.L.<br>NIF: B65724155<br>Domicilio social: Calle Roger 25, Planta -1 SUB A<br>Tel\u00e9fono: 900525666<br>E-mail: info@laby.es<br>Inscrita en el Registro (Mercantil \/ P\u00fablico): Tomo 43008 Folio 36, Hoja 417538<\/li>\n\n\n\n<li><strong>DERECHOS DE PROPIEDAD INTELECTUAL E INDUSTRIAL<\/strong><br><br>El sitio web, incluyendo a t\u00edtulo enunciativo, pero no limitativo su programaci\u00f3n, edici\u00f3n, compilaci\u00f3n y dem\u00e1s<br>elementos necesarios para su funcionamiento, los dise\u00f1os, logotipos, texto y\/o gr\u00e1ficos, son propiedad del<br>RESPONSABLE o, si es el caso, dispone de licencia o autorizaci\u00f3n expresa por parte de los autores. Todos los<br>contenidos del sitio web se encuentran debidamente protegidos por la normativa de propiedad intelectual e<br>industrial, as\u00ed como inscritos en los registros p\u00fablicos correspondientes.<br><br>Independientemente de la finalidad para la que fueran destinados, la reproducci\u00f3n total o parcial, uso,<br>explotaci\u00f3n, distribuci\u00f3n y comercializaci\u00f3n, requiere en todo caso de la autorizaci\u00f3n escrita previa por parte del<br>RESPONSABLE. Cualquier uso no autorizado previamente se considera un incumplimiento grave de los derechos<br>de propiedad intelectual o industrial del autor.<br><br>Los dise\u00f1os, logotipos, texto y\/o gr\u00e1ficos ajenos al RESPONSABLE y que pudieran aparecer en el sitio web,<br>pertenecen a sus respectivos propietarios, siendo ellos mismos responsables de cualquier posible controversia<br>que pudiera suscitarse respecto a los mismos. El RESPONSABLE autoriza expresamente a que terceros puedan<br>redirigir directamente a los contenidos concretos del sitio web, y en todo caso redirigir al sitio web principal de<br><a href=\"https:\/\/laby.es\/es\/\">laby.es.<br><\/a><br>El RESPONSABLE reconoce a favor de sus titulares los correspondientes derechos de propiedad intelectual e<br>industrial, no implicando su sola menci\u00f3n o aparici\u00f3n en el sitio web la existencia de derechos o responsabilidad<br>alguna sobre los mismos, como tampoco respaldo, patrocinio o recomendaci\u00f3n por parte del mismo.<br><br>Para realizar cualquier tipo de observaci\u00f3n respecto a posibles incumplimientos de los derechos de propiedad<br>intelectual o industrial, as\u00ed como sobre cualquiera de los contenidos del sitio web, puede hacerlo a trav\u00e9s del<br>correo electr\u00f3nico <a href=\"mailto:info@laby.es\">info@laby.es.<\/a><\/li>\n\n\n\n<li><strong>EXENCI\u00d3N DE RESPONSABILIDADES<\/strong><br><br>El RESPONSABLE se exime de cualquier tipo de responsabilidad derivada de la informaci\u00f3n publicada en su sitio<br>web siempre que esta informaci\u00f3n haya sido manipulada o introducida por un tercero ajeno al mismo.<br><br><strong>Uso de Cookies<\/strong><br><br>Este sitio web puede utilizar cookies t\u00e9cnicas (peque\u00f1os archivos de informaci\u00f3n que el servidor env\u00eda al<br>ordenador de quien accede a la p\u00e1gina) para llevar a cabo determinadas funciones que son consideradas<br>imprescindibles para el correcto funcionamiento y visualizaci\u00f3n del sitio. Las cookies utilizadas tienen, en todo<br>caso, car\u00e1cter temporal, con la \u00fanica finalidad de hacer m\u00e1s eficaz la navegaci\u00f3n, y desaparecen al terminar la<br>sesi\u00f3n del usuario. En ning\u00fan caso, estas cookies proporcionan por s\u00ed mismas datos de car\u00e1cter personal y no se<br>utilizar\u00e1n para la recogida de los mismos.<br><br>Mediante el uso de cookies tambi\u00e9n es posible que el servidor donde se encuentra la web reconozca el<br>navegador utilizado por el usuario con la finalidad de que la navegaci\u00f3n sea m\u00e1s sencilla, permitiendo, por<br>ejemplo, el acceso de los usuarios que se hayan registrado previamente a las \u00e1reas, servicios, promociones o<br>concursos reservados exclusivamente a ellos sin tener que registrarse en cada visita. Tambi\u00e9n se pueden utilizar<br>para medir la audiencia, par\u00e1metros de tr\u00e1fico, controlar el progreso y n\u00famero de entradas, etc., siendo en estos<br>casos cookies prescindibles t\u00e9cnicamente, pero beneficiosas para el usuario. Este sitio web no instalar\u00e1 cookies<br>prescindibles sin el consentimiento previo del usuario.<br><br>El usuario tiene la posibilidad de configurar su navegador para ser alertado de la recepci\u00f3n de cookies y para<br>impedir su instalaci\u00f3n en su equipo. Por favor, consulte las instrucciones de su navegador para ampliar esta<br>informaci\u00f3n.<br><br><strong>Pol\u00edtica de enlaces<br><\/strong><br>Desde el sitio web, es posible que se redirija a contenidos de terceros sitios web. Dado que el RESPONSABLE no<br>puede controlar siempre los contenidos introducidos por los terceros en sus respectivos sitios web, no asume<br>ning\u00fan tipo de responsabilidad respecto a dichos contenidos. En todo caso, proceder\u00e1 a la retirada inmediata de<br>cualquier contenido que pudiera contravenir la legislaci\u00f3n nacional o internacional, la moral o el orden p\u00fablico,<br>procediendo a la retirada inmediata de la redirecci\u00f3n a dicho sitio web, poniendo en conocimiento de las<br>autoridades competentes el contenido en cuesti\u00f3n.<br><br>El RESPONSABLE no se hace responsable de la informaci\u00f3n y contenidos almacenados, a t\u00edtulo enunciativo, pero<br>no limitativo, en foros, chats, generadores de blogs, comentarios, redes sociales o cualquier otro medio que<br>permita a terceros publicar contenidos de forma independiente en la p\u00e1gina web del RESPONSABLE. Sin<br>embargo, y en cumplimiento de lo dispuesto en los art\u00edculos 11 y 16 de la LSSICE, se pone a disposici\u00f3n de todos<br>los usuarios, autoridades y fuerzas de seguridad, colaborando de forma activa en la retirada o, en su caso,<br>bloqueo de todos aquellos contenidos que puedan afectar o contravenir la legislaci\u00f3n nacional o internacional,<br>los derechos de terceros o la moral y el orden p\u00fablico. En caso de que el usuario considere que existe en el sitio<br>web alg\u00fan contenido que pudiera ser susceptible de esta clasificaci\u00f3n, se ruega lo notifique de forma inmediata<br>al administrador del sitio web.<br><br>Este sitio web ha sido revisado y probado para que funcione correctamente. En principio, puede garantizarse el<br>correcto funcionamiento los 365 d\u00edas del a\u00f1o, 24 horas al d\u00eda. Sin embargo, el RESPONSABLE no descarta la<br>posibilidad de que existan ciertos errores de programaci\u00f3n, o que acontezcan causas de fuerza mayor,<br>cat\u00e1strofes naturales, huelgas o circunstancias semejantes que hagan imposible el acceso a la p\u00e1gina web.<br><br><strong>Direcciones IP<br><\/strong><br>Los servidores del sitio web podr\u00e1n detectar de manera autom\u00e1tica la direcci\u00f3n IP y el nombre de dominio<br>utilizados por el usuario. Una direcci\u00f3n IP es un n\u00famero asignado autom\u00e1ticamente a un ordenador cuando \u00e9ste<br>se conecta a Internet. Toda esta informaci\u00f3n es registrada en un fichero de actividad del servidor debidamente<br>inscrito que permite el posterior procesamiento de los datos con el fin de obtener mediciones \u00fanicamente<br>estad\u00edsticas que permitan conocer el n\u00famero de impresiones de p\u00e1ginas, el n\u00famero de visitas realizadas a los<br>servidores web, el orden de visitas, el punto de acceso, etc.<\/li>\n\n\n\n<li><strong>LEY APLICABLE Y JURISDICCI\u00d3N<\/strong><br><br>La ley aplicable en caso de disputa o conflicto de interpretaci\u00f3n de los t\u00e9rminos que conforman los textos<br>legales, as\u00ed como cualquier cuesti\u00f3n relacionada con los servicios de la presente web, ser\u00e1 la ley espa\u00f1ola.<br><br>\u00daltima actualizaci\u00f3n: 20\/02\/2024<\/li>\n\n\n\n<li><br><\/li>\n<\/ol>\n\n\n\n<p><\/p>\n","protected":false},"excerpt":{"rendered":"<p>LEY DE LOS SERVICIOS DE LA SOCIEDAD DE LA INFORMACI\u00d3N (LSSI) Documento PDF Aviso Legal LABY APLICACIONES T\u00c9CNICAS, S.L., responsable del sitio web, en adelante RESPONSABLE, pone a disposici\u00f3n delos usuarios el presente documento, con el que pretende dar cumplimiento a las obligaciones dispuestas en laLey 34\/2002, de 11 de julio, de Servicios de la [&hellip;]<\/p>\n","protected":false},"author":6,"featured_media":0,"parent":0,"menu_order":0,"comment_status":"closed","ping_status":"closed","template":"","meta":{"footnotes":""},"categories":[],"tags":[],"class_list":["post-4211","page","type-page","status-publish","hentry"],"yoast_head":"<!-- This site is optimized with the Yoast SEO plugin v27.3 - https:\/\/yoast.com\/product\/yoast-seo-wordpress\/ -->\n<title>Aviso Legal - Laby<\/title>\n<meta name=\"robots\" content=\"noindex, nofollow\" \/>\n<meta property=\"og:locale\" content=\"es_ES\" \/>\n<meta property=\"og:type\" content=\"article\" \/>\n<meta property=\"og:title\" content=\"Aviso Legal - Laby\" \/>\n<meta property=\"og:description\" content=\"LEY DE LOS SERVICIOS DE LA SOCIEDAD DE LA INFORMACI\u00d3N (LSSI) Documento PDF Aviso Legal LABY APLICACIONES T\u00c9CNICAS, S.L., responsable del sitio web, en adelante RESPONSABLE, pone a disposici\u00f3n delos usuarios el presente documento, con el que pretende dar cumplimiento a las obligaciones dispuestas en laLey 34\/2002, de 11 de julio, de Servicios de la [&hellip;]\" \/>\n<meta property=\"og:url\" content=\"https:\/\/laby.es\/es\/aviso-legal\/\" \/>\n<meta property=\"og:site_name\" content=\"Laby\" \/>\n<meta property=\"article:modified_time\" content=\"2024-05-02T16:26:56+00:00\" \/>\n<meta property=\"og:image\" content=\"https:\/\/laby.es\/wp-content\/uploads\/2022\/11\/laby_forever_data-scaled.jpg\" \/>\n\t<meta property=\"og:image:width\" content=\"2560\" \/>\n\t<meta property=\"og:image:height\" content=\"1152\" \/>\n\t<meta property=\"og:image:type\" content=\"image\/jpeg\" \/>\n<meta name=\"twitter:card\" content=\"summary_large_image\" \/>\n<meta name=\"twitter:label1\" content=\"Tiempo de lectura\" \/>\n\t<meta name=\"twitter:data1\" content=\"6 minutos\" \/>\n<script type=\"application\/ld+json\" class=\"yoast-schema-graph\">{\"@context\":\"https:\\\/\\\/schema.org\",\"@graph\":[{\"@type\":\"WebPage\",\"@id\":\"https:\\\/\\\/laby.es\\\/es\\\/aviso-legal\\\/\",\"url\":\"https:\\\/\\\/laby.es\\\/es\\\/aviso-legal\\\/\",\"name\":\"Aviso Legal - Laby\",\"isPartOf\":{\"@id\":\"https:\\\/\\\/laby.es\\\/es\\\/#website\"},\"datePublished\":\"2022-09-28T12:37:30+00:00\",\"dateModified\":\"2024-05-02T16:26:56+00:00\",\"breadcrumb\":{\"@id\":\"https:\\\/\\\/laby.es\\\/es\\\/aviso-legal\\\/#breadcrumb\"},\"inLanguage\":\"es\",\"potentialAction\":[{\"@type\":\"ReadAction\",\"target\":[\"https:\\\/\\\/laby.es\\\/es\\\/aviso-legal\\\/\"]}]},{\"@type\":\"BreadcrumbList\",\"@id\":\"https:\\\/\\\/laby.es\\\/es\\\/aviso-legal\\\/#breadcrumb\",\"itemListElement\":[{\"@type\":\"ListItem\",\"position\":1,\"name\":\"Portada\",\"item\":\"https:\\\/\\\/laby.es\\\/es\\\/\"},{\"@type\":\"ListItem\",\"position\":2,\"name\":\"Aviso Legal\"}]},{\"@type\":\"WebSite\",\"@id\":\"https:\\\/\\\/laby.es\\\/es\\\/#website\",\"url\":\"https:\\\/\\\/laby.es\\\/es\\\/\",\"name\":\"Laby\",\"description\":\"Servicio de recuperaci\u00f3n de datos en Barcelona\",\"publisher\":{\"@id\":\"https:\\\/\\\/laby.es\\\/es\\\/#organization\"},\"potentialAction\":[{\"@type\":\"SearchAction\",\"target\":{\"@type\":\"EntryPoint\",\"urlTemplate\":\"https:\\\/\\\/laby.es\\\/es\\\/?s={search_term_string}\"},\"query-input\":{\"@type\":\"PropertyValueSpecification\",\"valueRequired\":true,\"valueName\":\"search_term_string\"}}],\"inLanguage\":\"es\"},{\"@type\":\"Organization\",\"@id\":\"https:\\\/\\\/laby.es\\\/es\\\/#organization\",\"name\":\"Laby\",\"url\":\"https:\\\/\\\/laby.es\\\/es\\\/\",\"logo\":{\"@type\":\"ImageObject\",\"inLanguage\":\"es\",\"@id\":\"https:\\\/\\\/laby.es\\\/es\\\/#\\\/schema\\\/logo\\\/image\\\/\",\"url\":\"https:\\\/\\\/laby.es\\\/wp-content\\\/uploads\\\/2022\\\/08\\\/logo-laby.png\",\"contentUrl\":\"https:\\\/\\\/laby.es\\\/wp-content\\\/uploads\\\/2022\\\/08\\\/logo-laby.png\",\"width\":150,\"height\":42,\"caption\":\"Laby\"},\"image\":{\"@id\":\"https:\\\/\\\/laby.es\\\/es\\\/#\\\/schema\\\/logo\\\/image\\\/\"}}]}<\/script>\n<!-- \/ Yoast SEO plugin. -->","yoast_head_json":{"title":"Aviso Legal - Laby","robots":{"index":"noindex","follow":"nofollow"},"og_locale":"es_ES","og_type":"article","og_title":"Aviso Legal - Laby","og_description":"LEY DE LOS SERVICIOS DE LA SOCIEDAD DE LA INFORMACI\u00d3N (LSSI) Documento PDF Aviso Legal LABY APLICACIONES T\u00c9CNICAS, S.L., responsable del sitio web, en adelante RESPONSABLE, pone a disposici\u00f3n delos usuarios el presente documento, con el que pretende dar cumplimiento a las obligaciones dispuestas en laLey 34\/2002, de 11 de julio, de Servicios de la [&hellip;]","og_url":"https:\/\/laby.es\/es\/aviso-legal\/","og_site_name":"Laby","article_modified_time":"2024-05-02T16:26:56+00:00","og_image":[{"width":2560,"height":1152,"url":"https:\/\/laby.es\/wp-content\/uploads\/2022\/11\/laby_forever_data-scaled.jpg","type":"image\/jpeg"}],"twitter_card":"summary_large_image","twitter_misc":{"Tiempo de lectura":"6 minutos"},"schema":{"@context":"https:\/\/schema.org","@graph":[{"@type":"WebPage","@id":"https:\/\/laby.es\/es\/aviso-legal\/","url":"https:\/\/laby.es\/es\/aviso-legal\/","name":"Aviso Legal - Laby","isPartOf":{"@id":"https:\/\/laby.es\/es\/#website"},"datePublished":"2022-09-28T12:37:30+00:00","dateModified":"2024-05-02T16:26:56+00:00","breadcrumb":{"@id":"https:\/\/laby.es\/es\/aviso-legal\/#breadcrumb"},"inLanguage":"es","potentialAction":[{"@type":"ReadAction","target":["https:\/\/laby.es\/es\/aviso-legal\/"]}]},{"@type":"BreadcrumbList","@id":"https:\/\/laby.es\/es\/aviso-legal\/#breadcrumb","itemListElement":[{"@type":"ListItem","position":1,"name":"Portada","item":"https:\/\/laby.es\/es\/"},{"@type":"ListItem","position":2,"name":"Aviso Legal"}]},{"@type":"WebSite","@id":"https:\/\/laby.es\/es\/#website","url":"https:\/\/laby.es\/es\/","name":"Laby","description":"Servicio de recuperaci\u00f3n de datos en Barcelona","publisher":{"@id":"https:\/\/laby.es\/es\/#organization"},"potentialAction":[{"@type":"SearchAction","target":{"@type":"EntryPoint","urlTemplate":"https:\/\/laby.es\/es\/?s={search_term_string}"},"query-input":{"@type":"PropertyValueSpecification","valueRequired":true,"valueName":"search_term_string"}}],"inLanguage":"es"},{"@type":"Organization","@id":"https:\/\/laby.es\/es\/#organization","name":"Laby","url":"https:\/\/laby.es\/es\/","logo":{"@type":"ImageObject","inLanguage":"es","@id":"https:\/\/laby.es\/es\/#\/schema\/logo\/image\/","url":"https:\/\/laby.es\/wp-content\/uploads\/2022\/08\/logo-laby.png","contentUrl":"https:\/\/laby.es\/wp-content\/uploads\/2022\/08\/logo-laby.png","width":150,"height":42,"caption":"Laby"},"image":{"@id":"https:\/\/laby.es\/es\/#\/schema\/logo\/image\/"}}]}},"_links":{"self":[{"href":"https:\/\/laby.es\/es\/wp-json\/wp\/v2\/pages\/4211","targetHints":{"allow":["GET"]}}],"collection":[{"href":"https:\/\/laby.es\/es\/wp-json\/wp\/v2\/pages"}],"about":[{"href":"https:\/\/laby.es\/es\/wp-json\/wp\/v2\/types\/page"}],"author":[{"embeddable":true,"href":"https:\/\/laby.es\/es\/wp-json\/wp\/v2\/users\/6"}],"replies":[{"embeddable":true,"href":"https:\/\/laby.es\/es\/wp-json\/wp\/v2\/comments?post=4211"}],"version-history":[{"count":3,"href":"https:\/\/laby.es\/es\/wp-json\/wp\/v2\/pages\/4211\/revisions"}],"predecessor-version":[{"id":16325,"href":"https:\/\/laby.es\/es\/wp-json\/wp\/v2\/pages\/4211\/revisions\/16325"}],"wp:attachment":[{"href":"https:\/\/laby.es\/es\/wp-json\/wp\/v2\/media?parent=4211"}],"wp:term":[{"taxonomy":"category","embeddable":true,"href":"https:\/\/laby.es\/es\/wp-json\/wp\/v2\/categories?post=4211"},{"taxonomy":"post_tag","embeddable":true,"href":"https:\/\/laby.es\/es\/wp-json\/wp\/v2\/tags?post=4211"}],"curies":[{"name":"wp","href":"https:\/\/api.w.org\/{rel}","templated":true}]}}