{"id":21180,"date":"2025-12-05T12:47:41","date_gmt":"2025-12-05T11:47:41","guid":{"rendered":"https:\/\/laby.es\/?page_id=21180"},"modified":"2025-12-05T12:47:45","modified_gmt":"2025-12-05T11:47:45","slug":"en-laby-es-trabajamos-con-certificaciones-de-la-iso-9001-o-la-iso-27001","status":"publish","type":"page","link":"https:\/\/laby.es\/es\/en-laby-es-trabajamos-con-certificaciones-de-la-iso-9001-o-la-iso-27001\/","title":{"rendered":"En Laby.es trabajamos con Certificaciones de la ISO 9001 o la ISO 27001"},"content":{"rendered":"\n<p>Has perdido datos importantes y est\u00e1s buscando una empresa de recuperaci\u00f3n de datos. Ves muchas opciones, muchas promesas\u2026 y es normal sentirte un poco perdido. \u00bfPor cu\u00e1l te decides? \u00bfQu\u00e9 diferencias hay entre unas y otras si todas prometen lo mismo? \u00bfHay alg\u00fan plus de seguridad?<\/p>\n\n\n\n<p>En Laby Recuperaci\u00f3n de Datos contamos con las certificaciones ISO 9001 e ISO 27001. Dicho de forma sencilla: trabajamos con procesos controlados y auditados, y tratamos tus datos con la m\u00e1xima seguridad.<\/p>\n\n\n\n<p>Vamos a explicarte de forma sencilla que significa todas estas normativas.<\/p>\n\n\n\n<p><strong>\u00bfQu\u00e9 es la ISO 9001?<\/strong><\/p>\n\n\n\n<p>La ISO 9001 es una norma internacional de gesti\u00f3n de calidad. No certifica un producto, sino c\u00f3mo trabaja una empresa.<\/p>\n\n\n\n<p>En un laboratorio de recuperaci\u00f3n de datos, esto se traduce en:<\/p>\n\n\n\n<ul class=\"wp-block-list\">\n<li>Auditor\u00eda de todos los procesos de principio a fin. Han de estar claros y documentados en todo momento.<\/li>\n\n\n\n<li>Todas las fases del servicio, han de estar controladas. Nada puede dejarse al azar o que se escape del control.<\/li>\n\n\n\n<li>En caso de que exista un error (Somos humanos) la propia norma ofrece herramientas para detectarlas r\u00e1pidamente y aplicar medidas correctivas, lo que ofrece un servicio a\u00fan mejor. Una vez detectas el error, no volver\u00e1s a cometerlo (pese a ser humanos y poder tropezar 50 veces en la misma piedra\u2026)<\/li>\n<\/ul>\n\n\n\n<p><strong>\u00bfEn qu\u00e9 lo notas como cliente?<\/strong><\/p>\n\n\n\n<p>Cuando una empresa de recuperaci\u00f3n de datos como Laby tiene la ISO 9001, normalmente ves:<\/p>\n\n\n\n<ul class=\"wp-block-list\">\n<li>Diagn\u00f3sticos m\u00e1s fiables y sin variaciones.<\/li>\n\n\n\n<li>Plazos y comunicaci\u00f3n m\u00e1s claros. En nuestro caso, gracias a nuestra intranet, permite tener una comunicaci\u00f3n completa, adem\u00e1s de ver en tiempo real, todo lo que se realiza con tu dispositivo (incluyendo fotograf\u00edas, videos, informes de los t\u00e9cnicos etc).<\/li>\n\n\n\n<li>Trazabilidad del servicio desde que entregas el equipo hasta que recuperas tus datos.<\/li>\n<\/ul>\n\n\n\n<p>En recuperaci\u00f3n de datos, el \u201cc\u00f3mo\u201d se trabaja marca muchas veces la diferencia entre recuperar o no recuperar<\/p>\n\n\n\n<p><strong>\u00bfY la ISO 27001? \u00bfQu\u00e9 es?<\/strong><\/p>\n\n\n\n<p>La ISO 27001 es la norma internacional de seguridad de la informaci\u00f3n. Aqu\u00ed el foco est\u00e1 en proteger tus datos.<\/p>\n\n\n\n<p>En recuperaci\u00f3n de datos, aunque no se vean los datos directamente, si tratamos con contenido sensible.<\/p>\n\n\n\n<ul class=\"wp-block-list\">\n<li>Documentaci\u00f3n personal y profesional.<\/li>\n\n\n\n<li>Fotograf\u00edas y v\u00eddeos privados.<\/li>\n\n\n\n<li>Bases de datos y proyectos de empresa.<\/li>\n\n\n\n<li>Contratos, historiales, dise\u00f1os, propiedad intelectual\u2026<\/li>\n<\/ul>\n\n\n\n<p><strong>\u00bfQu\u00e9 garantiza esta certificaci\u00f3n?<\/strong><\/p>\n\n\n\n<p>Tener ISO 27001 significa que existe un sistema para:<\/p>\n\n\n\n<ul class=\"wp-block-list\">\n<li>Controlar qui\u00e9n puede acceder a tus datos y de qu\u00e9 manera.<\/li>\n\n\n\n<li>Evaluar y reducir riesgos de seguridad.<\/li>\n\n\n\n<li>Proteger la informaci\u00f3n durante todo el proceso.<\/li>\n\n\n\n<li>Gestionar soportes y copias de forma segura.<\/li>\n\n\n\n<li>Actuar ante incidentes de seguridad si ocurriera algo.<\/li>\n\n\n\n<li>Garantizar mediante contratos tipo NDA todo el proceso de servicio.<\/li>\n\n\n\n<li>Realizar extracciones y an\u00e1lisis forense con rigurosidad absoluta<\/li>\n\n\n\n<li>Creaci\u00f3n de documentaci\u00f3n y an\u00e1lisis t\u00e9cnicos periciales para poder actuar delante de un tribunal y poder defender los trabajos realizados.<\/li>\n<\/ul>\n\n\n\n<p>Si tus datos son importantes \u2014y si est\u00e1s leyendo esto, lo son\u2014, la seguridad no es un extra: es obligatoria.<\/p>\n\n\n\n<p>Por este motivo, podemos trabajar tanto a nivel particular, como con Ayuntamientos, Universidades, polic\u00eda como Guardia Civil o Polic\u00eda Nacional e inclusive con el propio CSIC.<\/p>\n\n\n\n<p><strong>Calidad + seguridad: Una combinaci\u00f3n que deber\u00edas exigir para tu tranquilidad.<\/strong><\/p>\n\n\n\n<p>Tener ISO 9001 e ISO 27001 simult\u00e1neamente es una declaraci\u00f3n de intenciones:<\/p>\n\n\n\n<ul class=\"wp-block-list\">\n<li>ISO 9001 \u2192 hacemos el trabajo con procesos de calidad y monitorizamos que no existan errores. ( Y si los hay, aprendemos para que no vuelvan a surgir)<\/li>\n\n\n\n<li>ISO 27001 \u2192 protegemos tus datos mientras lo hacemos y evitamos cualquier tipo de incidente de seguridad.<\/li>\n<\/ul>\n\n\n\n<p>Es decir: no se trata solo de recuperar archivos, sino de hacerlo con m\u00e9todo y con un compromiso serio con la confidencialidad.<\/p>\n\n\n\n<p><strong>\u00bfCu\u00e1ndo comparas empresas de recuperaci\u00f3n de datos, que preguntas debes hacerte?<\/strong><\/p>\n\n\n\n<p>Cuando est\u00e9s dudando entre varias empresas, estas preguntas pueden ayudarte:<\/p>\n\n\n\n<ol class=\"wp-block-list\">\n<li>\u00bfTienen certificaciones reconocidas como ISO 9001 e ISO 27001?<\/li>\n\n\n\n<li>\u00bfTe explican claramente su proceso y qu\u00e9 van a hacer con tu dispositivo?<\/li>\n\n\n\n<li>\u00bfTe ofrecen un diagn\u00f3stico profesional antes de empezar?<\/li>\n\n\n\n<li>\u00bfHablan de seguridad y confidencialidad, o solo de \u201cporcentaje de \u00e9xito\u201d?<\/li>\n\n\n\n<li>\u00bfSe nota que trabajan con procedimientos y no \u201ca ojo\u201d?<\/li>\n\n\n\n<li>\u00bfEn las rese\u00f1as por ejemplo de Google, los clientes especifican algo como procesos claros, informaci\u00f3n detallada etc?<\/li>\n<\/ol>\n\n\n\n<p>Las certificaciones no son la \u00fanica se\u00f1al de calidad, pero s\u00ed una de las m\u00e1s objetivas, porque exigen auditor\u00edas externas y una revisi\u00f3n constante de c\u00f3mo se trabaja. En nuestro caso, estamos certificados por AENOR, cuyas auditor\u00edas son de una alta exigencia que a su vez, se traduce en resultados en el servicio otorgado.<\/p>\n\n\n\n<p><strong>Qu\u00e9 puedes esperar de Laby Recuperaci\u00f3n de Datos<\/strong><\/p>\n\n\n\n<p>En Laby Recuperaci\u00f3n de Datos trabajamos todos y cada uno de los casos con estos principios:<\/p>\n\n\n\n<ul class=\"wp-block-list\">\n<li>Procesos definidos y controlados (ISO 9001).<\/li>\n\n\n\n<li>Seguridad y confidencialidad en todo momento (ISO 27001).<\/li>\n\n\n\n<li>Comunicaci\u00f3n clara: te explicamos qu\u00e9 vemos, qu\u00e9 opciones hay y qu\u00e9 puedes esperar.<\/li>\n\n\n\n<li>Trato cercano: sabemos que detr\u00e1s de un disco hay historias, trabajo y recuerdos.<\/li>\n<\/ul>\n\n\n\n<p><strong>\u00bfNecesitas recuperar datos? Hablemos<\/strong><\/p>\n\n\n\n<p>Si has perdido informaci\u00f3n importante y no sabes por d\u00f3nde empezar, podemos ayudarte:<\/p>\n\n\n\n<ul class=\"wp-block-list\">\n<li>Analizamos tu caso de forma profesional.<\/li>\n\n\n\n<li>Te explicamos las opciones de recuperaci\u00f3n.<\/li>\n\n\n\n<li>T\u00fa decides si seguimos adelante, sin compromiso.<\/li>\n<\/ul>\n\n\n\n<p>Contacta con Laby Recuperaci\u00f3n de Datos y cu\u00e9ntanos qu\u00e9 ha pasado con tu dispositivo.<\/p>\n\n\n\n<p>Te orientaremos para que tomes una decisi\u00f3n informada y con la tranquilidad de saber que tus datos est\u00e1n en buenas manos.<\/p>\n","protected":false},"excerpt":{"rendered":"<p>Has perdido datos importantes y est\u00e1s buscando una empresa de recuperaci\u00f3n de datos. Ves muchas opciones, muchas promesas\u2026 y es normal sentirte un poco perdido. \u00bfPor cu\u00e1l te decides? \u00bfQu\u00e9 diferencias hay entre unas y otras si todas prometen lo mismo? \u00bfHay alg\u00fan plus de seguridad? En Laby Recuperaci\u00f3n de Datos contamos con las certificaciones [&hellip;]<\/p>\n","protected":false},"author":6,"featured_media":0,"parent":0,"menu_order":0,"comment_status":"closed","ping_status":"closed","template":"","meta":{"footnotes":""},"categories":[],"tags":[],"class_list":["post-21180","page","type-page","status-publish","hentry"],"yoast_head":"<!-- This site is optimized with the Yoast SEO plugin v27.3 - https:\/\/yoast.com\/product\/yoast-seo-wordpress\/ -->\n<title>En Laby.es trabajamos con Certificaciones de la ISO 9001 o la ISO 27001 - Laby<\/title>\n<meta name=\"robots\" content=\"index, follow, max-snippet:-1, max-image-preview:large, max-video-preview:-1\" \/>\n<link rel=\"canonical\" href=\"https:\/\/laby.es\/es\/en-laby-es-trabajamos-con-certificaciones-de-la-iso-9001-o-la-iso-27001\/\" \/>\n<meta property=\"og:locale\" content=\"es_ES\" \/>\n<meta property=\"og:type\" content=\"article\" \/>\n<meta property=\"og:title\" content=\"En Laby.es trabajamos con Certificaciones de la ISO 9001 o la ISO 27001 - Laby\" \/>\n<meta property=\"og:description\" content=\"Has perdido datos importantes y est\u00e1s buscando una empresa de recuperaci\u00f3n de datos. Ves muchas opciones, muchas promesas\u2026 y es normal sentirte un poco perdido. \u00bfPor cu\u00e1l te decides? \u00bfQu\u00e9 diferencias hay entre unas y otras si todas prometen lo mismo? \u00bfHay alg\u00fan plus de seguridad? En Laby Recuperaci\u00f3n de Datos contamos con las certificaciones [&hellip;]\" \/>\n<meta property=\"og:url\" content=\"https:\/\/laby.es\/es\/en-laby-es-trabajamos-con-certificaciones-de-la-iso-9001-o-la-iso-27001\/\" \/>\n<meta property=\"og:site_name\" content=\"Laby\" \/>\n<meta property=\"article:modified_time\" content=\"2025-12-05T11:47:45+00:00\" \/>\n<meta property=\"og:image\" content=\"https:\/\/laby.es\/wp-content\/uploads\/2022\/11\/laby_forever_data-scaled.jpg\" \/>\n\t<meta property=\"og:image:width\" content=\"2560\" \/>\n\t<meta property=\"og:image:height\" content=\"1152\" \/>\n\t<meta property=\"og:image:type\" content=\"image\/jpeg\" \/>\n<meta name=\"twitter:card\" content=\"summary_large_image\" \/>\n<meta name=\"twitter:label1\" content=\"Tiempo de lectura\" \/>\n\t<meta name=\"twitter:data1\" content=\"5 minutos\" \/>\n<script type=\"application\/ld+json\" class=\"yoast-schema-graph\">{\"@context\":\"https:\\\/\\\/schema.org\",\"@graph\":[{\"@type\":\"WebPage\",\"@id\":\"https:\\\/\\\/laby.es\\\/es\\\/en-laby-es-trabajamos-con-certificaciones-de-la-iso-9001-o-la-iso-27001\\\/\",\"url\":\"https:\\\/\\\/laby.es\\\/es\\\/en-laby-es-trabajamos-con-certificaciones-de-la-iso-9001-o-la-iso-27001\\\/\",\"name\":\"En Laby.es trabajamos con Certificaciones de la ISO 9001 o la ISO 27001 - Laby\",\"isPartOf\":{\"@id\":\"https:\\\/\\\/laby.es\\\/es\\\/#website\"},\"datePublished\":\"2025-12-05T11:47:41+00:00\",\"dateModified\":\"2025-12-05T11:47:45+00:00\",\"breadcrumb\":{\"@id\":\"https:\\\/\\\/laby.es\\\/es\\\/en-laby-es-trabajamos-con-certificaciones-de-la-iso-9001-o-la-iso-27001\\\/#breadcrumb\"},\"inLanguage\":\"es\",\"potentialAction\":[{\"@type\":\"ReadAction\",\"target\":[\"https:\\\/\\\/laby.es\\\/es\\\/en-laby-es-trabajamos-con-certificaciones-de-la-iso-9001-o-la-iso-27001\\\/\"]}]},{\"@type\":\"BreadcrumbList\",\"@id\":\"https:\\\/\\\/laby.es\\\/es\\\/en-laby-es-trabajamos-con-certificaciones-de-la-iso-9001-o-la-iso-27001\\\/#breadcrumb\",\"itemListElement\":[{\"@type\":\"ListItem\",\"position\":1,\"name\":\"Portada\",\"item\":\"https:\\\/\\\/laby.es\\\/es\\\/\"},{\"@type\":\"ListItem\",\"position\":2,\"name\":\"En Laby.es trabajamos con Certificaciones de la ISO 9001 o la ISO 27001\"}]},{\"@type\":\"WebSite\",\"@id\":\"https:\\\/\\\/laby.es\\\/es\\\/#website\",\"url\":\"https:\\\/\\\/laby.es\\\/es\\\/\",\"name\":\"Laby\",\"description\":\"Servicio de recuperaci\u00f3n de datos en Barcelona\",\"publisher\":{\"@id\":\"https:\\\/\\\/laby.es\\\/es\\\/#organization\"},\"potentialAction\":[{\"@type\":\"SearchAction\",\"target\":{\"@type\":\"EntryPoint\",\"urlTemplate\":\"https:\\\/\\\/laby.es\\\/es\\\/?s={search_term_string}\"},\"query-input\":{\"@type\":\"PropertyValueSpecification\",\"valueRequired\":true,\"valueName\":\"search_term_string\"}}],\"inLanguage\":\"es\"},{\"@type\":\"Organization\",\"@id\":\"https:\\\/\\\/laby.es\\\/es\\\/#organization\",\"name\":\"Laby\",\"url\":\"https:\\\/\\\/laby.es\\\/es\\\/\",\"logo\":{\"@type\":\"ImageObject\",\"inLanguage\":\"es\",\"@id\":\"https:\\\/\\\/laby.es\\\/es\\\/#\\\/schema\\\/logo\\\/image\\\/\",\"url\":\"https:\\\/\\\/laby.es\\\/wp-content\\\/uploads\\\/2022\\\/08\\\/logo-laby.png\",\"contentUrl\":\"https:\\\/\\\/laby.es\\\/wp-content\\\/uploads\\\/2022\\\/08\\\/logo-laby.png\",\"width\":150,\"height\":42,\"caption\":\"Laby\"},\"image\":{\"@id\":\"https:\\\/\\\/laby.es\\\/es\\\/#\\\/schema\\\/logo\\\/image\\\/\"}}]}<\/script>\n<!-- \/ Yoast SEO plugin. -->","yoast_head_json":{"title":"En Laby.es trabajamos con Certificaciones de la ISO 9001 o la ISO 27001 - Laby","robots":{"index":"index","follow":"follow","max-snippet":"max-snippet:-1","max-image-preview":"max-image-preview:large","max-video-preview":"max-video-preview:-1"},"canonical":"https:\/\/laby.es\/es\/en-laby-es-trabajamos-con-certificaciones-de-la-iso-9001-o-la-iso-27001\/","og_locale":"es_ES","og_type":"article","og_title":"En Laby.es trabajamos con Certificaciones de la ISO 9001 o la ISO 27001 - Laby","og_description":"Has perdido datos importantes y est\u00e1s buscando una empresa de recuperaci\u00f3n de datos. Ves muchas opciones, muchas promesas\u2026 y es normal sentirte un poco perdido. \u00bfPor cu\u00e1l te decides? \u00bfQu\u00e9 diferencias hay entre unas y otras si todas prometen lo mismo? \u00bfHay alg\u00fan plus de seguridad? En Laby Recuperaci\u00f3n de Datos contamos con las certificaciones [&hellip;]","og_url":"https:\/\/laby.es\/es\/en-laby-es-trabajamos-con-certificaciones-de-la-iso-9001-o-la-iso-27001\/","og_site_name":"Laby","article_modified_time":"2025-12-05T11:47:45+00:00","og_image":[{"width":2560,"height":1152,"url":"https:\/\/laby.es\/wp-content\/uploads\/2022\/11\/laby_forever_data-scaled.jpg","type":"image\/jpeg"}],"twitter_card":"summary_large_image","twitter_misc":{"Tiempo de lectura":"5 minutos"},"schema":{"@context":"https:\/\/schema.org","@graph":[{"@type":"WebPage","@id":"https:\/\/laby.es\/es\/en-laby-es-trabajamos-con-certificaciones-de-la-iso-9001-o-la-iso-27001\/","url":"https:\/\/laby.es\/es\/en-laby-es-trabajamos-con-certificaciones-de-la-iso-9001-o-la-iso-27001\/","name":"En Laby.es trabajamos con Certificaciones de la ISO 9001 o la ISO 27001 - Laby","isPartOf":{"@id":"https:\/\/laby.es\/es\/#website"},"datePublished":"2025-12-05T11:47:41+00:00","dateModified":"2025-12-05T11:47:45+00:00","breadcrumb":{"@id":"https:\/\/laby.es\/es\/en-laby-es-trabajamos-con-certificaciones-de-la-iso-9001-o-la-iso-27001\/#breadcrumb"},"inLanguage":"es","potentialAction":[{"@type":"ReadAction","target":["https:\/\/laby.es\/es\/en-laby-es-trabajamos-con-certificaciones-de-la-iso-9001-o-la-iso-27001\/"]}]},{"@type":"BreadcrumbList","@id":"https:\/\/laby.es\/es\/en-laby-es-trabajamos-con-certificaciones-de-la-iso-9001-o-la-iso-27001\/#breadcrumb","itemListElement":[{"@type":"ListItem","position":1,"name":"Portada","item":"https:\/\/laby.es\/es\/"},{"@type":"ListItem","position":2,"name":"En Laby.es trabajamos con Certificaciones de la ISO 9001 o la ISO 27001"}]},{"@type":"WebSite","@id":"https:\/\/laby.es\/es\/#website","url":"https:\/\/laby.es\/es\/","name":"Laby","description":"Servicio de recuperaci\u00f3n de datos en Barcelona","publisher":{"@id":"https:\/\/laby.es\/es\/#organization"},"potentialAction":[{"@type":"SearchAction","target":{"@type":"EntryPoint","urlTemplate":"https:\/\/laby.es\/es\/?s={search_term_string}"},"query-input":{"@type":"PropertyValueSpecification","valueRequired":true,"valueName":"search_term_string"}}],"inLanguage":"es"},{"@type":"Organization","@id":"https:\/\/laby.es\/es\/#organization","name":"Laby","url":"https:\/\/laby.es\/es\/","logo":{"@type":"ImageObject","inLanguage":"es","@id":"https:\/\/laby.es\/es\/#\/schema\/logo\/image\/","url":"https:\/\/laby.es\/wp-content\/uploads\/2022\/08\/logo-laby.png","contentUrl":"https:\/\/laby.es\/wp-content\/uploads\/2022\/08\/logo-laby.png","width":150,"height":42,"caption":"Laby"},"image":{"@id":"https:\/\/laby.es\/es\/#\/schema\/logo\/image\/"}}]}},"_links":{"self":[{"href":"https:\/\/laby.es\/es\/wp-json\/wp\/v2\/pages\/21180","targetHints":{"allow":["GET"]}}],"collection":[{"href":"https:\/\/laby.es\/es\/wp-json\/wp\/v2\/pages"}],"about":[{"href":"https:\/\/laby.es\/es\/wp-json\/wp\/v2\/types\/page"}],"author":[{"embeddable":true,"href":"https:\/\/laby.es\/es\/wp-json\/wp\/v2\/users\/6"}],"replies":[{"embeddable":true,"href":"https:\/\/laby.es\/es\/wp-json\/wp\/v2\/comments?post=21180"}],"version-history":[{"count":2,"href":"https:\/\/laby.es\/es\/wp-json\/wp\/v2\/pages\/21180\/revisions"}],"predecessor-version":[{"id":21182,"href":"https:\/\/laby.es\/es\/wp-json\/wp\/v2\/pages\/21180\/revisions\/21182"}],"wp:attachment":[{"href":"https:\/\/laby.es\/es\/wp-json\/wp\/v2\/media?parent=21180"}],"wp:term":[{"taxonomy":"category","embeddable":true,"href":"https:\/\/laby.es\/es\/wp-json\/wp\/v2\/categories?post=21180"},{"taxonomy":"post_tag","embeddable":true,"href":"https:\/\/laby.es\/es\/wp-json\/wp\/v2\/tags?post=21180"}],"curies":[{"name":"wp","href":"https:\/\/api.w.org\/{rel}","templated":true}]}}