{"id":17195,"date":"2025-01-13T14:44:10","date_gmt":"2025-01-13T13:44:10","guid":{"rendered":"https:\/\/laby.es\/?page_id=17195"},"modified":"2025-01-13T14:44:12","modified_gmt":"2025-01-13T13:44:12","slug":"politica-seguridad-de-la-informacion","status":"publish","type":"page","link":"https:\/\/laby.es\/es\/politica-seguridad-de-la-informacion\/","title":{"rendered":"Pol\u00edtica seguridad de la informaci\u00f3n"},"content":{"rendered":"\n<h1 class=\"wp-block-heading\"><strong>POL\u00cdTICA DE SEGURIDAD DE LA INFORMACI\u00d3N<\/strong><\/h1>\n\n\n\n<p>LABY APLICACIONES T\u00c9CNICAS S.L. es una empresa de servicios l\u00edder en el sector de la reparaci\u00f3n de datos e inform\u00e1tica forense, y nuestra misi\u00f3n es ayudar activamente a prosperar a nuestros clientes utilizando t\u00e9cnicas innovadoras de organizaci\u00f3n y las m\u00e1s avanzadas tecnolog\u00edas de informaci\u00f3n y fabricaci\u00f3n.<\/p>\n\n\n\n<p>Nuestra misi\u00f3n es ayudar activamente a prosperar a nuestros clientes utilizando t\u00e9cnicas innovadoras de organizaci\u00f3n y tecnolog\u00edas avanzadas de informaci\u00f3n y fabricaci\u00f3n.<\/p>\n\n\n\n<p>Los objetivos fundamentales de nuestro sistema de gesti\u00f3n de seguridad de la informaci\u00f3n son:<\/p>\n\n\n\n<ul class=\"wp-block-list\">\n<li>Proteger los activos de informaci\u00f3n conforme a su valor o importancia.<\/li>\n\n\n\n<li>Garantizar la confidencialidad, disponibilidad e integridad de la informaci\u00f3n.<\/li>\n\n\n\n<li>Gestionar los riesgos identificados de manera diligente.<\/li>\n\n\n\n<li>Preservar la privacidad de clientes, empleados, proveedores y terceras partes.<\/li>\n\n\n\n<li>Garantizar el cumplimiento de los requisitos aplicables, y en especial los legales.<\/li>\n\n\n\n<li>Mejorar continuadamente el sistema de seguridad de la informaci\u00f3n.<\/li>\n<\/ul>\n\n\n\n<p>Para alcanzar estos objetivos generales, la Direcci\u00f3n de esta empresa asume el firme compromiso de optimizar su pol\u00edtica de seguridad de la informaci\u00f3n basada en los siguientes factores:<\/p>\n\n\n\n<ul class=\"wp-block-list\">\n<li><strong>Prevenci\u00f3n de Riesgos:<\/strong> Establecer las directrices y medios necesarios en materia de prevenci\u00f3n de riesgos con el objetivo fundamental de eliminarlos o mitigarlos\u00a0<\/li>\n\n\n\n<li><strong>Requisitos Legales<\/strong>: Entender los requisitos legales y otro tipo de requisitos especificados por nuestros clientes como un conjunto de m\u00ednimos a cumplir.<\/li>\n\n\n\n<li><strong>Difusi\u00f3n:<\/strong> Difundir y promover la mejora de la seguridad de la informaci\u00f3n.<\/li>\n\n\n\n<li><strong>Grupos de inter\u00e9s:<\/strong>\u00a0 Participaci\u00f3n conjunta con todos nuestros STAKEHOLDERS por una mejora de la seguridad de la informaci\u00f3n.<\/li>\n\n\n\n<li><strong>Capacitaci\u00f3n:<\/strong> Capacitaci\u00f3n constante de todos nuestros profesionales, en conocimientos t\u00e9cnicos, y habilidades, fomentando su participaci\u00f3n y compromiso con esta pol\u00edtica, la mejora del sistema y la seguridad de la informaci\u00f3n.\u00a0<\/li>\n\n\n\n<li><strong>Seguimiento<\/strong>:\u00a0 Establecer indicadores a todos los niveles que nos permitan tomar decisiones basadas en la evidencia.<\/li>\n\n\n\n<li><strong>Mejora continua:<\/strong>\u00a0 Establecer y revisar peri\u00f3dicamente objetivos y metas, que proporcionen un marco de referencia para la mejora continua de los procesos y del desarrollo sostenible.\u00a0<\/li>\n\n\n\n<li><strong>Analizar<\/strong>:\u00a0 Analiza y evaluar las desviaciones que puedan producirse en materia de seguridad de la informaci\u00f3n y establecer las acciones correctivas y oportunidades de mejora necesarias.<\/li>\n\n\n\n<li><strong>Sistema integrado:<\/strong>\u00a0 Elaboraci\u00f3n participativa de todos los grupos de la organizaci\u00f3n, a todos los niveles, siendo conscientes de la aportaci\u00f3n a los objetivos del sistema y las repercusiones de los incumplimientos.\u00a0<\/li>\n<\/ul>\n\n\n\n<p>La Direcci\u00f3n<\/p>\n\n\n\n<p>13\/01\/2025<\/p>\n\n\n\n<p><\/p>\n","protected":false},"excerpt":{"rendered":"<p>POL\u00cdTICA DE SEGURIDAD DE LA INFORMACI\u00d3N LABY APLICACIONES T\u00c9CNICAS S.L. es una empresa de servicios l\u00edder en el sector de la reparaci\u00f3n de datos e inform\u00e1tica forense, y nuestra misi\u00f3n es ayudar activamente a prosperar a nuestros clientes utilizando t\u00e9cnicas innovadoras de organizaci\u00f3n y las m\u00e1s avanzadas tecnolog\u00edas de informaci\u00f3n y fabricaci\u00f3n. Nuestra misi\u00f3n es [&hellip;]<\/p>\n","protected":false},"author":3,"featured_media":0,"parent":0,"menu_order":0,"comment_status":"closed","ping_status":"closed","template":"","meta":{"footnotes":""},"categories":[],"tags":[],"class_list":["post-17195","page","type-page","status-publish","hentry"],"yoast_head":"<!-- This site is optimized with the Yoast SEO plugin v27.3 - https:\/\/yoast.com\/product\/yoast-seo-wordpress\/ -->\n<title>Pol\u00edtica seguridad de la informaci\u00f3n - Laby<\/title>\n<meta name=\"robots\" content=\"noindex, nofollow\" \/>\n<meta property=\"og:locale\" content=\"es_ES\" \/>\n<meta property=\"og:type\" content=\"article\" \/>\n<meta property=\"og:title\" content=\"Pol\u00edtica seguridad de la informaci\u00f3n - Laby\" \/>\n<meta property=\"og:description\" content=\"POL\u00cdTICA DE SEGURIDAD DE LA INFORMACI\u00d3N LABY APLICACIONES T\u00c9CNICAS S.L. es una empresa de servicios l\u00edder en el sector de la reparaci\u00f3n de datos e inform\u00e1tica forense, y nuestra misi\u00f3n es ayudar activamente a prosperar a nuestros clientes utilizando t\u00e9cnicas innovadoras de organizaci\u00f3n y las m\u00e1s avanzadas tecnolog\u00edas de informaci\u00f3n y fabricaci\u00f3n. Nuestra misi\u00f3n es [&hellip;]\" \/>\n<meta property=\"og:url\" content=\"https:\/\/laby.es\/es\/politica-seguridad-de-la-informacion\/\" \/>\n<meta property=\"og:site_name\" content=\"Laby\" \/>\n<meta property=\"article:modified_time\" content=\"2025-01-13T13:44:12+00:00\" \/>\n<meta property=\"og:image\" content=\"https:\/\/laby.es\/wp-content\/uploads\/2022\/11\/laby_forever_data-scaled.jpg\" \/>\n\t<meta property=\"og:image:width\" content=\"2560\" \/>\n\t<meta property=\"og:image:height\" content=\"1152\" \/>\n\t<meta property=\"og:image:type\" content=\"image\/jpeg\" \/>\n<meta name=\"twitter:card\" content=\"summary_large_image\" \/>\n<meta name=\"twitter:label1\" content=\"Tiempo de lectura\" \/>\n\t<meta name=\"twitter:data1\" content=\"2 minutos\" \/>\n<script type=\"application\/ld+json\" class=\"yoast-schema-graph\">{\"@context\":\"https:\\\/\\\/schema.org\",\"@graph\":[{\"@type\":\"WebPage\",\"@id\":\"https:\\\/\\\/laby.es\\\/es\\\/politica-seguridad-de-la-informacion\\\/\",\"url\":\"https:\\\/\\\/laby.es\\\/es\\\/politica-seguridad-de-la-informacion\\\/\",\"name\":\"Pol\u00edtica seguridad de la informaci\u00f3n - Laby\",\"isPartOf\":{\"@id\":\"https:\\\/\\\/laby.es\\\/es\\\/#website\"},\"datePublished\":\"2025-01-13T13:44:10+00:00\",\"dateModified\":\"2025-01-13T13:44:12+00:00\",\"breadcrumb\":{\"@id\":\"https:\\\/\\\/laby.es\\\/es\\\/politica-seguridad-de-la-informacion\\\/#breadcrumb\"},\"inLanguage\":\"es\",\"potentialAction\":[{\"@type\":\"ReadAction\",\"target\":[\"https:\\\/\\\/laby.es\\\/es\\\/politica-seguridad-de-la-informacion\\\/\"]}]},{\"@type\":\"BreadcrumbList\",\"@id\":\"https:\\\/\\\/laby.es\\\/es\\\/politica-seguridad-de-la-informacion\\\/#breadcrumb\",\"itemListElement\":[{\"@type\":\"ListItem\",\"position\":1,\"name\":\"Portada\",\"item\":\"https:\\\/\\\/laby.es\\\/es\\\/\"},{\"@type\":\"ListItem\",\"position\":2,\"name\":\"Pol\u00edtica seguridad de la informaci\u00f3n\"}]},{\"@type\":\"WebSite\",\"@id\":\"https:\\\/\\\/laby.es\\\/es\\\/#website\",\"url\":\"https:\\\/\\\/laby.es\\\/es\\\/\",\"name\":\"Laby\",\"description\":\"Servicio de recuperaci\u00f3n de datos en Barcelona\",\"publisher\":{\"@id\":\"https:\\\/\\\/laby.es\\\/es\\\/#organization\"},\"potentialAction\":[{\"@type\":\"SearchAction\",\"target\":{\"@type\":\"EntryPoint\",\"urlTemplate\":\"https:\\\/\\\/laby.es\\\/es\\\/?s={search_term_string}\"},\"query-input\":{\"@type\":\"PropertyValueSpecification\",\"valueRequired\":true,\"valueName\":\"search_term_string\"}}],\"inLanguage\":\"es\"},{\"@type\":\"Organization\",\"@id\":\"https:\\\/\\\/laby.es\\\/es\\\/#organization\",\"name\":\"Laby\",\"url\":\"https:\\\/\\\/laby.es\\\/es\\\/\",\"logo\":{\"@type\":\"ImageObject\",\"inLanguage\":\"es\",\"@id\":\"https:\\\/\\\/laby.es\\\/es\\\/#\\\/schema\\\/logo\\\/image\\\/\",\"url\":\"https:\\\/\\\/laby.es\\\/wp-content\\\/uploads\\\/2022\\\/08\\\/logo-laby.png\",\"contentUrl\":\"https:\\\/\\\/laby.es\\\/wp-content\\\/uploads\\\/2022\\\/08\\\/logo-laby.png\",\"width\":150,\"height\":42,\"caption\":\"Laby\"},\"image\":{\"@id\":\"https:\\\/\\\/laby.es\\\/es\\\/#\\\/schema\\\/logo\\\/image\\\/\"}}]}<\/script>\n<!-- \/ Yoast SEO plugin. -->","yoast_head_json":{"title":"Pol\u00edtica seguridad de la informaci\u00f3n - Laby","robots":{"index":"noindex","follow":"nofollow"},"og_locale":"es_ES","og_type":"article","og_title":"Pol\u00edtica seguridad de la informaci\u00f3n - Laby","og_description":"POL\u00cdTICA DE SEGURIDAD DE LA INFORMACI\u00d3N LABY APLICACIONES T\u00c9CNICAS S.L. es una empresa de servicios l\u00edder en el sector de la reparaci\u00f3n de datos e inform\u00e1tica forense, y nuestra misi\u00f3n es ayudar activamente a prosperar a nuestros clientes utilizando t\u00e9cnicas innovadoras de organizaci\u00f3n y las m\u00e1s avanzadas tecnolog\u00edas de informaci\u00f3n y fabricaci\u00f3n. Nuestra misi\u00f3n es [&hellip;]","og_url":"https:\/\/laby.es\/es\/politica-seguridad-de-la-informacion\/","og_site_name":"Laby","article_modified_time":"2025-01-13T13:44:12+00:00","og_image":[{"width":2560,"height":1152,"url":"https:\/\/laby.es\/wp-content\/uploads\/2022\/11\/laby_forever_data-scaled.jpg","type":"image\/jpeg"}],"twitter_card":"summary_large_image","twitter_misc":{"Tiempo de lectura":"2 minutos"},"schema":{"@context":"https:\/\/schema.org","@graph":[{"@type":"WebPage","@id":"https:\/\/laby.es\/es\/politica-seguridad-de-la-informacion\/","url":"https:\/\/laby.es\/es\/politica-seguridad-de-la-informacion\/","name":"Pol\u00edtica seguridad de la informaci\u00f3n - Laby","isPartOf":{"@id":"https:\/\/laby.es\/es\/#website"},"datePublished":"2025-01-13T13:44:10+00:00","dateModified":"2025-01-13T13:44:12+00:00","breadcrumb":{"@id":"https:\/\/laby.es\/es\/politica-seguridad-de-la-informacion\/#breadcrumb"},"inLanguage":"es","potentialAction":[{"@type":"ReadAction","target":["https:\/\/laby.es\/es\/politica-seguridad-de-la-informacion\/"]}]},{"@type":"BreadcrumbList","@id":"https:\/\/laby.es\/es\/politica-seguridad-de-la-informacion\/#breadcrumb","itemListElement":[{"@type":"ListItem","position":1,"name":"Portada","item":"https:\/\/laby.es\/es\/"},{"@type":"ListItem","position":2,"name":"Pol\u00edtica seguridad de la informaci\u00f3n"}]},{"@type":"WebSite","@id":"https:\/\/laby.es\/es\/#website","url":"https:\/\/laby.es\/es\/","name":"Laby","description":"Servicio de recuperaci\u00f3n de datos en Barcelona","publisher":{"@id":"https:\/\/laby.es\/es\/#organization"},"potentialAction":[{"@type":"SearchAction","target":{"@type":"EntryPoint","urlTemplate":"https:\/\/laby.es\/es\/?s={search_term_string}"},"query-input":{"@type":"PropertyValueSpecification","valueRequired":true,"valueName":"search_term_string"}}],"inLanguage":"es"},{"@type":"Organization","@id":"https:\/\/laby.es\/es\/#organization","name":"Laby","url":"https:\/\/laby.es\/es\/","logo":{"@type":"ImageObject","inLanguage":"es","@id":"https:\/\/laby.es\/es\/#\/schema\/logo\/image\/","url":"https:\/\/laby.es\/wp-content\/uploads\/2022\/08\/logo-laby.png","contentUrl":"https:\/\/laby.es\/wp-content\/uploads\/2022\/08\/logo-laby.png","width":150,"height":42,"caption":"Laby"},"image":{"@id":"https:\/\/laby.es\/es\/#\/schema\/logo\/image\/"}}]}},"_links":{"self":[{"href":"https:\/\/laby.es\/es\/wp-json\/wp\/v2\/pages\/17195","targetHints":{"allow":["GET"]}}],"collection":[{"href":"https:\/\/laby.es\/es\/wp-json\/wp\/v2\/pages"}],"about":[{"href":"https:\/\/laby.es\/es\/wp-json\/wp\/v2\/types\/page"}],"author":[{"embeddable":true,"href":"https:\/\/laby.es\/es\/wp-json\/wp\/v2\/users\/3"}],"replies":[{"embeddable":true,"href":"https:\/\/laby.es\/es\/wp-json\/wp\/v2\/comments?post=17195"}],"version-history":[{"count":2,"href":"https:\/\/laby.es\/es\/wp-json\/wp\/v2\/pages\/17195\/revisions"}],"predecessor-version":[{"id":17204,"href":"https:\/\/laby.es\/es\/wp-json\/wp\/v2\/pages\/17195\/revisions\/17204"}],"wp:attachment":[{"href":"https:\/\/laby.es\/es\/wp-json\/wp\/v2\/media?parent=17195"}],"wp:term":[{"taxonomy":"category","embeddable":true,"href":"https:\/\/laby.es\/es\/wp-json\/wp\/v2\/categories?post=17195"},{"taxonomy":"post_tag","embeddable":true,"href":"https:\/\/laby.es\/es\/wp-json\/wp\/v2\/tags?post=17195"}],"curies":[{"name":"wp","href":"https:\/\/api.w.org\/{rel}","templated":true}]}}