{"id":9797,"date":"2022-09-28T04:31:37","date_gmt":"2022-09-28T02:31:37","guid":{"rendered":"https:\/\/laby.es\/politica-de-privacitat\/"},"modified":"2023-03-21T14:03:19","modified_gmt":"2023-03-21T13:03:19","slug":"politica-de-privacitat","status":"publish","type":"page","link":"https:\/\/laby.es\/ca\/politica-de-privacitat\/","title":{"rendered":"Pol\u00edtica de Privacitat"},"content":{"rendered":"\n<p><strong>Responsable del Tractament<\/strong><\/p>\n\n\n\n<p>L&#8217;empresa responsable del tractament de les vostres dades en virtut d&#8217;aquesta Pol\u00edtica de privadesa \u00e9s:<br><br>LABY APLICACIONES  T\u00c9CNICAS, S.L.NIF: B65724155<br>Domicili: Carrer Lepant, 230 &#8211; 08013 Barcelona (Barcelona)<br>Adre\u00e7a de correu electr\u00f2nic: info@laby.es<br>Web: www.laby.es<br>Tel\u00e8fon: 900525666<\/p>\n\n\n\n<p>Inscrita al Registre Mercantil de Barcelona, Tom 43008, Foli 36, Full 417538<br>A LABY APLICACIONES  T\u00c9CNICAS, S.L., reconeixem la import\u00e0ncia de protegir la seva informaci\u00f3 personal i estem compromesos a tractar-la amb responsabilitat i de conformitat amb les lleis de protecci\u00f3 de dades.<\/p>\n\n\n\n<p>Aquesta pol\u00edtica de privadesa pret\u00e9n regular tots els aspectes relatius al tractament de dades dels diferents usuaris que naveguen o faciliten les seves dades personals a trav\u00e9s dels diferents formularis situats a la web.<\/p>\n\n\n\n<p><strong>Dades Personals<\/strong><\/p>\n\n\n\n<p>Una dada personal, \u00e9s la informaci\u00f3 que us identifica o us fa identificable. A trav\u00e9s del web, a les caselles establertes a aquest efecte recollim les dades personals que l&#8217;usuari ens comunica: Nom, cognoms, correu electr\u00f2nic, tel\u00e8fon, adre\u00e7a postal, poblaci\u00f3, etc. aix\u00ed com totes aquelles dades que volunt\u00e0riament ens proporcioneu a trav\u00e9s de qualsevol de les xarxes socials de les quals l&#8217;usuari est\u00e0 registrat. En aquest cas, la privadesa dependr\u00e0 de la pr\u00f2pia configuraci\u00f3 establerta per l&#8217;usuari aix\u00ed com dels termes i condicions de la pr\u00f2pia xarxa social.<\/p>\n\n\n\n<p>La visita de l&#8217;usuari a la web no implica que hagi de facilitar cap informaci\u00f3 sobre les vostres dades personals. No obstant aix\u00f2, en cas de facilitar-los, les dades seran tractades de forma l\u00edcita amb subjecci\u00f3 en tot moment als principis i drets recollits al RGPD 2016\/679 de 27 d&#8217;abril de 2016 i la LOPDGDD 3\/2018 del 5 de desembre.<\/p>\n\n\n\n<p><strong>Finalitat, durada i legitimaci\u00f3 del tractament:<\/strong><\/p>\n\n\n\n<p>Les dades que l&#8217;usuari ens proporcioni les tractarem amb les finalitats seg\u00fcents:<\/p>\n\n\n\n<p>Atendre la sol\u00b7licitud o petici\u00f3 realitzada per l&#8217;usuari a trav\u00e9s del formulari de contacte, distribu\u00efdors i pressupost situat a la web. Recollim i tractem les dades personals de l&#8217;usuari per poder tramitar i gestionar la vostra sol\u00b7licitud, una consulta o qualsevol petici\u00f3 que realitzeu a trav\u00e9s d&#8217;aquest formulari. Aquestes dades les conservarem durant el temps necessari per donar compliment a la vostra petici\u00f3 i durant el temps establert per la llei amb una durada m\u00ednima de 3 anys.<\/p>\n\n\n\n<p>La base de legitimaci\u00f3 del tractament de les dades ser\u00e0 el consentiment que atorga l&#8217;usuari en seleccionar la casella d&#8217;acceptaci\u00f3 de la nostra pol\u00edtica de privadesa abans d&#8217;enviar la petici\u00f3. L&#8217;usuari t\u00e9 dret a revocar el consentiment en qualsevol moment sense que aix\u00f2 afecti la licitud del tractament basat en el consentiment previ a la seva retirada.<\/p>\n\n\n\n<p>Millorar la vostra experi\u00e8ncia en navegar per la web. Aquestes dades les conservarem mentre l&#8217;usuari no revoqui el seu consentiment al seu tractament eliminant les galetes i durant el temps establert per la llei amb una durada m\u00ednima de 3 anys.<\/p>\n\n\n\n<p>La base de legitimaci\u00f3 per millorar la vostra experi\u00e8ncia en navegar per la web \u00e9s el consentiment que atorga l&#8217;usuari en acceptar les cookies. L&#8217;usuari t\u00e9 dret a revocar el consentiment en qualsevol moment sense que aix\u00f2 afecti la licitud del tractament basat en el consentiment previ a la seva retirada.<\/p>\n\n\n\n<p>Gestionar les nostres <strong>xarxes socials<\/strong> i enviar informaci\u00f3 sobre les nostres activitats i productes. Aquestes dades les conservarem mentre l&#8217;usuari no revoqui el seu consentiment al seu tractament i durant el temps establert per la llei amb una durada m\u00ednima de 3 anys.<\/p>\n\n\n\n<p>La base leg\u00edtima per gestionar les nostres xarxes socials i enviar-li les nostres activitats i novetats, \u00e9s el consentiment que ens atorga. L&#8217;usuari t\u00e9 dret a revocar el consentiment en qualsevol moment sense que aix\u00f2 afecti la licitud del tractament basat en el consentiment previ a la seva retirada.<\/p>\n\n\n\n<p><strong>Cessi\u00f3 o comunicaci\u00f3 de dades personals i transfer\u00e8ncies internacionals:<\/strong><\/p>\n\n\n\n<p>Les vostres dades no es comunicaran ni seran cedides a tercers llevat que hi hagi alguna obligaci\u00f3 legal o aquells prestadors vinculats al Responsable que actuen com a encarregats del tractament.<\/p>\n\n\n\n<p>A m\u00e9s, LABY APLICACIONS T\u00c8CNIQUES, S.L. tamb\u00e9 fa \u00fas de l&#8217;aplicaci\u00f3 WhatsApp per dur a terme les vostres comunicacions. Si b\u00e9 els servidors de l&#8217;aplicaci\u00f3 Whatsapp per a usuaris de la UE s\u00f3n a Irlanda, es podrien donar comunicacions amb els servidors dels EUA per raons t\u00e8cniques que implicaria una transfer\u00e8ncia internacional de dades. Per tant, el responsable sol\u00b7licita pr\u00e8viament el consentiment expl\u00edcit dels usuaris per poder enviar comunicacions per aquest mitj\u00e0, el qual podr\u00e0 ser revocat en qualsevol moment.<\/p>\n\n\n\n<p><strong>Actualitzaci\u00f3 de dades<\/strong><\/p>\n\n\n\n<p>\u00c9s important que perqu\u00e8 puguem mantenir les dades personals actualitzades, l&#8217;usuari ens informi sempre que hi hagi hagut alguna modificaci\u00f3, en cas contrari, no responem de la seva veracitat.<\/p>\n\n\n\n<p>L&#8217;usuari garanteix que les dades personals facilitades s\u00f3n veraces garantint que tota la informaci\u00f3 facilitada correspon a la situaci\u00f3 real, que est\u00e0 actualitzada i \u00e9s exacta, i queda obligat a comunicar qualsevol modificaci\u00f3.<\/p>\n\n\n\n<p><strong>Dades de Tercers<\/strong><\/p>\n\n\n\n<p>Si l&#8217;usuari facilita dades de terceres persones per a qualsevol finalitat a LABY APLICACIONS T\u00c8CNIQUES, S.L., garanteix que ha obtingut aquestes dades de forma l\u00edcita, que ha informat pr\u00e8viament els afectats, obtenint el seu consentiment per comunicar-los i que la informaci\u00f3 facilitada \u00e9s exacta i vera\u00e7 .<\/p>\n\n\n\n<p><strong>Car\u00e0cter obligatori de la informaci\u00f3 sol\u00b7licitada<\/strong><\/p>\n\n\n\n<p>Tots els nostres formularis compten amb un asterisc (*) a les dades obligat\u00f2ries. Si l&#8217;usuari no facilita aquests camps, o b\u00e9 no marca la casella d&#8217;acceptaci\u00f3 de la pol\u00edtica de privadesa, no es permetr\u00e0 l&#8217;enviament de la informaci\u00f3.<\/p>\n\n\n\n<p><strong>Drets dels interessats:<\/strong><\/p>\n\n\n\n<p>Teniu dret a accedir a les vostres dades ia obtenir confirmaci\u00f3 sobre el vostre tractament, aix\u00ed com una c\u00f2pia de les dades personals objecte de tractament. T\u00e9 dret a actualitzar-los i sol\u00b7licitar la rectificaci\u00f3 de les dades que siguin inexactes o sol\u00b7licitar la supressi\u00f3 quan les dades no siguin necess\u00e0ries per als fins per als quals van ser demanades. Podeu sol\u00b7licitar la limitaci\u00f3 en el tractament de les vostres dades i oposar-vos al tractament d&#8217;aquestes dades revocant el vostre consentiment, aix\u00ed com exercir el dret a la portabilitat de les dades. De la mateixa manera, t\u00e9 dret a no ser objecte de decisions basades \u00fanicament en el tractament automatitzat de les dades personals. Podeu exercir els vostres drets contactant amb nosaltres Carrer Lepanto, 230 &#8211; 08013 Barcelona (Barcelona). Email: jlorenzana@laby.es<\/p>\n\n\n\n<p>Si considereu que els vostres drets no s&#8217;han at\u00e8s degudament, teniu dret a presentar una reclamaci\u00f3 davant l&#8217;autoritat de control a www.aepd.es<\/p>\n\n\n\n<p><strong>Tractament de dades de menors d&#8217;edat<\/strong><\/p>\n\n\n\n<p>Qui facilita les dades a trav\u00e9s dels formularis d&#8217;aquesta web i accepta el seu tractament declara ser major de 14 anys, i queda prohibit l&#8217;acc\u00e9s i l&#8217;\u00fas del portal a menors d&#8217;aquesta edat. Si en algun moment, el Responsable detecta que un menor de 14 anys ha proporcionat dades de car\u00e0cter personal, procedirem a cancel\u00b7lar-les. Aix\u00ed mateix, els pares o tutors podran en qualsevol cas adre\u00e7ar-se a LABY APLICACIONS T\u00c8CNIQUES, S.L. per bloquejar el compte d&#8217;acc\u00e9s dels menors a c\u00e0rrec seu que s&#8217;hagin registrat falsejant la identitat.<\/p>\n\n\n\n<p><strong>Xarxes socials<\/strong><\/p>\n\n\n\n<p>L&#8217;objecte de les eines com ara Facebook, Twitter, Instagram, etc. o altres xarxes socials \u00e9s donar visibilitat i difusi\u00f3 a les activitats que desenvolupa la nostra organitzaci\u00f3. Aquestes eines emmagatzemen dades personals als servidors dels serveis respectius i es regeixen per la seva pr\u00f2pia pol\u00edtica de privadesa. Es recomana la revisi\u00f3 i la lectura de les condicions d&#8217;\u00fas i pol\u00edtica de privadesa de la xarxa social en el moment de registrar-se, tenint en compte les diferents possibilitats de configuraci\u00f3 en relaci\u00f3 amb el grau de privadesa del perfil d&#8217;usuari a la xarxa social.<\/p>\n\n\n\n<p>Aix\u00ed mateix, el Responsable es reserva el dret d&#8217;eliminar de les xarxes socials qualsevol informaci\u00f3 publicada per tercers que vulneri la legalitat, inciti a fer-ho o contingui missatges que atemptin contra la dignitat de persones o institucions. Com tamb\u00e9 el dret a bloquejar o denunciar el perfil autor daquests missatges.<\/p>\n\n\n\n<p><strong>Tractament de Cookies:<\/strong><\/p>\n\n\n\n<p>Una galeta \u00e9s un petit fitxer que es descarrega i emmagatzema a l&#8217;ordinador de l&#8217;usuari quan aquest accedeix a una p\u00e0gina web. Les Cookies permeten al web, entre altres coses, emmagatzemar i recuperar informaci\u00f3 sobre els h\u00e0bits de navegaci\u00f3 de l&#8217;usuari o del seu equip i, depenent de la informaci\u00f3 que continguin i de la manera com utilitzi el seu equip, es poden utilitzar per recon\u00e8ixer l&#8217;usuari .<\/p>\n\n\n\n<p>L&#8217;usuari t\u00e9 l&#8217;opci\u00f3 d&#8217;impedir la generaci\u00f3 de cookies, mitjan\u00e7ant la selecci\u00f3 de la corresponent opci\u00f3 al vostre programa de navegador. Podeu obtenir m\u00e9s informaci\u00f3 llegint la nostra Pol\u00edtica de Cookies.<\/p>\n\n\n\n<p>Data d&#8217;actualitzaci\u00f3: 20\/03\/2023<\/p>\n\n\n\n<p><\/p>\n","protected":false},"excerpt":{"rendered":"<p>Responsable del Tractament L&#8217;empresa responsable del tractament de les vostres dades en virtut d&#8217;aquesta Pol\u00edtica de privadesa \u00e9s: LABY APLICACIONES T\u00c9CNICAS, S.L.NIF: B65724155Domicili: Carrer Lepant, 230 &#8211; 08013 Barcelona (Barcelona)Adre\u00e7a de correu electr\u00f2nic: info@laby.esWeb: www.laby.esTel\u00e8fon: 900525666 Inscrita al Registre Mercantil de Barcelona, Tom 43008, Foli 36, Full 417538A LABY APLICACIONES T\u00c9CNICAS, S.L., reconeixem la import\u00e0ncia [&hellip;]<\/p>\n","protected":false},"author":3,"featured_media":0,"parent":0,"menu_order":0,"comment_status":"closed","ping_status":"closed","template":"","meta":{"footnotes":""},"categories":[],"tags":[],"class_list":["post-9797","page","type-page","status-publish","hentry"],"yoast_head":"<!-- This site is optimized with the Yoast SEO plugin v27.3 - https:\/\/yoast.com\/product\/yoast-seo-wordpress\/ -->\n<title>Pol\u00edtica de Privacitat - Laby<\/title>\n<meta name=\"robots\" content=\"noindex, nofollow\" \/>\n<meta property=\"og:locale\" content=\"ca_ES\" \/>\n<meta property=\"og:type\" content=\"article\" \/>\n<meta property=\"og:title\" content=\"Pol\u00edtica de Privacitat - Laby\" \/>\n<meta property=\"og:description\" content=\"Responsable del Tractament L&#8217;empresa responsable del tractament de les vostres dades en virtut d&#8217;aquesta Pol\u00edtica de privadesa \u00e9s: LABY APLICACIONES T\u00c9CNICAS, S.L.NIF: B65724155Domicili: Carrer Lepant, 230 &#8211; 08013 Barcelona (Barcelona)Adre\u00e7a de correu electr\u00f2nic: info@laby.esWeb: www.laby.esTel\u00e8fon: 900525666 Inscrita al Registre Mercantil de Barcelona, Tom 43008, Foli 36, Full 417538A LABY APLICACIONES T\u00c9CNICAS, S.L., reconeixem la import\u00e0ncia [&hellip;]\" \/>\n<meta property=\"og:url\" content=\"https:\/\/laby.es\/ca\/politica-de-privacitat\/\" \/>\n<meta property=\"og:site_name\" content=\"Laby\" \/>\n<meta property=\"article:modified_time\" content=\"2023-03-21T13:03:19+00:00\" \/>\n<meta property=\"og:image\" content=\"https:\/\/laby.es\/wp-content\/uploads\/2022\/11\/laby_forever_data-scaled.jpg\" \/>\n\t<meta property=\"og:image:width\" content=\"2560\" \/>\n\t<meta property=\"og:image:height\" content=\"1152\" \/>\n\t<meta property=\"og:image:type\" content=\"image\/jpeg\" \/>\n<meta name=\"twitter:card\" content=\"summary_large_image\" \/>\n<meta name=\"twitter:label1\" content=\"Temps estimat de lectura\" \/>\n\t<meta name=\"twitter:data1\" content=\"7 minuts\" \/>\n<script type=\"application\/ld+json\" class=\"yoast-schema-graph\">{\"@context\":\"https:\\\/\\\/schema.org\",\"@graph\":[{\"@type\":\"WebPage\",\"@id\":\"https:\\\/\\\/laby.es\\\/ca\\\/politica-de-privacitat\\\/\",\"url\":\"https:\\\/\\\/laby.es\\\/ca\\\/politica-de-privacitat\\\/\",\"name\":\"Pol\u00edtica de Privacitat - Laby\",\"isPartOf\":{\"@id\":\"https:\\\/\\\/laby.es\\\/es\\\/#website\"},\"datePublished\":\"2022-09-28T02:31:37+00:00\",\"dateModified\":\"2023-03-21T13:03:19+00:00\",\"breadcrumb\":{\"@id\":\"https:\\\/\\\/laby.es\\\/ca\\\/politica-de-privacitat\\\/#breadcrumb\"},\"inLanguage\":\"ca\",\"potentialAction\":[{\"@type\":\"ReadAction\",\"target\":[\"https:\\\/\\\/laby.es\\\/ca\\\/politica-de-privacitat\\\/\"]}]},{\"@type\":\"BreadcrumbList\",\"@id\":\"https:\\\/\\\/laby.es\\\/ca\\\/politica-de-privacitat\\\/#breadcrumb\",\"itemListElement\":[{\"@type\":\"ListItem\",\"position\":1,\"name\":\"Portada\",\"item\":\"https:\\\/\\\/laby.es\\\/ca\\\/\"},{\"@type\":\"ListItem\",\"position\":2,\"name\":\"Pol\u00edtica de Privacitat\"}]},{\"@type\":\"WebSite\",\"@id\":\"https:\\\/\\\/laby.es\\\/es\\\/#website\",\"url\":\"https:\\\/\\\/laby.es\\\/es\\\/\",\"name\":\"Laby\",\"description\":\"Servicio de recuperaci\u00f3n de datos en Barcelona\",\"publisher\":{\"@id\":\"https:\\\/\\\/laby.es\\\/es\\\/#organization\"},\"potentialAction\":[{\"@type\":\"SearchAction\",\"target\":{\"@type\":\"EntryPoint\",\"urlTemplate\":\"https:\\\/\\\/laby.es\\\/es\\\/?s={search_term_string}\"},\"query-input\":{\"@type\":\"PropertyValueSpecification\",\"valueRequired\":true,\"valueName\":\"search_term_string\"}}],\"inLanguage\":\"ca\"},{\"@type\":\"Organization\",\"@id\":\"https:\\\/\\\/laby.es\\\/es\\\/#organization\",\"name\":\"Laby\",\"url\":\"https:\\\/\\\/laby.es\\\/es\\\/\",\"logo\":{\"@type\":\"ImageObject\",\"inLanguage\":\"ca\",\"@id\":\"https:\\\/\\\/laby.es\\\/es\\\/#\\\/schema\\\/logo\\\/image\\\/\",\"url\":\"https:\\\/\\\/laby.es\\\/wp-content\\\/uploads\\\/2022\\\/08\\\/logo-laby.png\",\"contentUrl\":\"https:\\\/\\\/laby.es\\\/wp-content\\\/uploads\\\/2022\\\/08\\\/logo-laby.png\",\"width\":150,\"height\":42,\"caption\":\"Laby\"},\"image\":{\"@id\":\"https:\\\/\\\/laby.es\\\/es\\\/#\\\/schema\\\/logo\\\/image\\\/\"}}]}<\/script>\n<!-- \/ Yoast SEO plugin. -->","yoast_head_json":{"title":"Pol\u00edtica de Privacitat - Laby","robots":{"index":"noindex","follow":"nofollow"},"og_locale":"ca_ES","og_type":"article","og_title":"Pol\u00edtica de Privacitat - Laby","og_description":"Responsable del Tractament L&#8217;empresa responsable del tractament de les vostres dades en virtut d&#8217;aquesta Pol\u00edtica de privadesa \u00e9s: LABY APLICACIONES T\u00c9CNICAS, S.L.NIF: B65724155Domicili: Carrer Lepant, 230 &#8211; 08013 Barcelona (Barcelona)Adre\u00e7a de correu electr\u00f2nic: info@laby.esWeb: www.laby.esTel\u00e8fon: 900525666 Inscrita al Registre Mercantil de Barcelona, Tom 43008, Foli 36, Full 417538A LABY APLICACIONES T\u00c9CNICAS, S.L., reconeixem la import\u00e0ncia [&hellip;]","og_url":"https:\/\/laby.es\/ca\/politica-de-privacitat\/","og_site_name":"Laby","article_modified_time":"2023-03-21T13:03:19+00:00","og_image":[{"width":2560,"height":1152,"url":"https:\/\/laby.es\/wp-content\/uploads\/2022\/11\/laby_forever_data-scaled.jpg","type":"image\/jpeg"}],"twitter_card":"summary_large_image","twitter_misc":{"Temps estimat de lectura":"7 minuts"},"schema":{"@context":"https:\/\/schema.org","@graph":[{"@type":"WebPage","@id":"https:\/\/laby.es\/ca\/politica-de-privacitat\/","url":"https:\/\/laby.es\/ca\/politica-de-privacitat\/","name":"Pol\u00edtica de Privacitat - Laby","isPartOf":{"@id":"https:\/\/laby.es\/es\/#website"},"datePublished":"2022-09-28T02:31:37+00:00","dateModified":"2023-03-21T13:03:19+00:00","breadcrumb":{"@id":"https:\/\/laby.es\/ca\/politica-de-privacitat\/#breadcrumb"},"inLanguage":"ca","potentialAction":[{"@type":"ReadAction","target":["https:\/\/laby.es\/ca\/politica-de-privacitat\/"]}]},{"@type":"BreadcrumbList","@id":"https:\/\/laby.es\/ca\/politica-de-privacitat\/#breadcrumb","itemListElement":[{"@type":"ListItem","position":1,"name":"Portada","item":"https:\/\/laby.es\/ca\/"},{"@type":"ListItem","position":2,"name":"Pol\u00edtica de Privacitat"}]},{"@type":"WebSite","@id":"https:\/\/laby.es\/es\/#website","url":"https:\/\/laby.es\/es\/","name":"Laby","description":"Servicio de recuperaci\u00f3n de datos en Barcelona","publisher":{"@id":"https:\/\/laby.es\/es\/#organization"},"potentialAction":[{"@type":"SearchAction","target":{"@type":"EntryPoint","urlTemplate":"https:\/\/laby.es\/es\/?s={search_term_string}"},"query-input":{"@type":"PropertyValueSpecification","valueRequired":true,"valueName":"search_term_string"}}],"inLanguage":"ca"},{"@type":"Organization","@id":"https:\/\/laby.es\/es\/#organization","name":"Laby","url":"https:\/\/laby.es\/es\/","logo":{"@type":"ImageObject","inLanguage":"ca","@id":"https:\/\/laby.es\/es\/#\/schema\/logo\/image\/","url":"https:\/\/laby.es\/wp-content\/uploads\/2022\/08\/logo-laby.png","contentUrl":"https:\/\/laby.es\/wp-content\/uploads\/2022\/08\/logo-laby.png","width":150,"height":42,"caption":"Laby"},"image":{"@id":"https:\/\/laby.es\/es\/#\/schema\/logo\/image\/"}}]}},"_links":{"self":[{"href":"https:\/\/laby.es\/ca\/wp-json\/wp\/v2\/pages\/9797","targetHints":{"allow":["GET"]}}],"collection":[{"href":"https:\/\/laby.es\/ca\/wp-json\/wp\/v2\/pages"}],"about":[{"href":"https:\/\/laby.es\/ca\/wp-json\/wp\/v2\/types\/page"}],"author":[{"embeddable":true,"href":"https:\/\/laby.es\/ca\/wp-json\/wp\/v2\/users\/3"}],"replies":[{"embeddable":true,"href":"https:\/\/laby.es\/ca\/wp-json\/wp\/v2\/comments?post=9797"}],"version-history":[{"count":3,"href":"https:\/\/laby.es\/ca\/wp-json\/wp\/v2\/pages\/9797\/revisions"}],"predecessor-version":[{"id":12839,"href":"https:\/\/laby.es\/ca\/wp-json\/wp\/v2\/pages\/9797\/revisions\/12839"}],"wp:attachment":[{"href":"https:\/\/laby.es\/ca\/wp-json\/wp\/v2\/media?parent=9797"}],"wp:term":[{"taxonomy":"category","embeddable":true,"href":"https:\/\/laby.es\/ca\/wp-json\/wp\/v2\/categories?post=9797"},{"taxonomy":"post_tag","embeddable":true,"href":"https:\/\/laby.es\/ca\/wp-json\/wp\/v2\/tags?post=9797"}],"curies":[{"name":"wp","href":"https:\/\/api.w.org\/{rel}","templated":true}]}}