{"id":9790,"date":"2022-09-28T14:54:34","date_gmt":"2022-09-28T12:54:34","guid":{"rendered":"https:\/\/laby.es\/politica-de-cookies\/"},"modified":"2023-03-24T12:55:06","modified_gmt":"2023-03-24T11:55:06","slug":"politica-de-cookies","status":"publish","type":"page","link":"https:\/\/laby.es\/ca\/politica-de-cookies\/","title":{"rendered":"Pol\u00edtica de Cookies"},"content":{"rendered":"\t\t<div data-elementor-type=\"wp-page\" data-elementor-id=\"9790\" class=\"elementor elementor-9790 elementor-5935\" data-elementor-post-type=\"page\">\n\t\t\t\t\t\t<section class=\"elementor-section elementor-top-section elementor-element elementor-element-6e8b6e94 elementor-section-boxed elementor-section-height-default elementor-section-height-default\" data-id=\"6e8b6e94\" data-element_type=\"section\" data-e-type=\"section\">\n\t\t\t\t\t\t<div class=\"elementor-container elementor-column-gap-default\">\n\t\t\t\t\t<div class=\"elementor-column elementor-col-100 elementor-top-column elementor-element elementor-element-5d15120a\" data-id=\"5d15120a\" data-element_type=\"column\" data-e-type=\"column\">\n\t\t\t<div class=\"elementor-widget-wrap elementor-element-populated\">\n\t\t\t\t\t\t<div class=\"elementor-element elementor-element-2ecd9185 elementor-widget elementor-widget-text-editor\" data-id=\"2ecd9185\" data-element_type=\"widget\" data-e-type=\"widget\" data-widget_type=\"text-editor.default\">\n\t\t\t\t\t\t\t\t\t<p><\/p>\n<p><strong>Pol\u00edtica de Cookies<\/strong><\/p>\n<p><\/p>\n<p>Aquesta pol\u00edtica de cookies t\u00e9 per finalitat informar de manera clara i precisa sobre les cookies que s&#8217;utilitzen<br>a la nostra web.<\/p>\n<p><\/p>\n<p>Utilitzem cookies pr\u00f2pies i de tercers per millorar els nostres serveis, personalitzar el nostre lloc web, facilitar<br>la navegaci\u00f3 dels nostres usuaris, proporcionar-vos una millor experi\u00e8ncia en l&#8217;\u00fas del lloc web, identificar<br>problemes per millorar el mateix, fer medicions i estad\u00edstiques d&#8217;\u00fas i mostrar la publicitat relacionada amb<br>les vostres prefer\u00e8ncies mitjan\u00e7ant l&#8217;an\u00e0lisi de l&#8217;\u00fas del lloc web.<br>Us informem que podem utilitzar cookies en el vostre equip a condici\u00f3 que l&#8217;usuari hagi fet el seu consentiment, excepte en els sup\u00f2sits en qu\u00e8 les cookies s\u00f3n necessaris per a la navegaci\u00f3 pel nostre<br>lloc web. En cas que presteu el vostre consentiment, podrem utilitzar cookies que ens permetran tenir m\u00e9s<br>informaci\u00f3 sobre les vostres prefer\u00e8ncies i personalitzar el nostre lloc web de conformitat amb els vostres interessos<br>individuals.<\/p>\n<p><\/p>\n<p><strong>QU\u00c8 S\u00d3N LES COOKIES?<\/strong><\/p>\n<p><\/p>\n<p>Les galetes i altres tecnologies semblants a contes com a objectes locals compartits, galetes flash o p\u00edxels, s\u00f3n<br>eines emprades per als servidors Web per a emmagatzemar i recuperar informaci\u00f3 sobre els seus<br>visitants, aix\u00ed com per oferir un correcte funcionament del lloc.<\/p>\n<p><\/p>\n<p><strong>TIPUS DE COOKIES<\/strong><\/p>\n<p><\/p>\n<p><strong>Tipus de cookies en funci\u00f3 de l&#8217;entitat de gesti\u00f3:<\/strong><\/p>\n<p><\/p>\n<p><strong>Cookies pr\u00f2pies:<\/strong> son aquelles que s&#8217;envien a l&#8217;equip terminal de l&#8217;usuari des d&#8217;un equip o domini<br>gestionat pel titular de la p\u00e0gina web i des de la que es presta el servei sol\u00b7licitat per l&#8217;usuari.<\/p>\n<p><\/p>\n<p>Galetes de tercers: s\u00f3n aquelles que s&#8217;envien a l&#8217;equip terminal de l&#8217;usuari des d&#8217;un equip o<br>domini que no \u00e9s gestionat pel titular de la p\u00e0gina web des de la qual es presta el servei sol\u00b7licitat<br>per l&#8217;usuari, sin\u00f3 per una altra entitat que tracta els dades obtingudes a trav\u00e9s de les galetes. Aix\u00ed mateix, al<br>el cas de les cookies siguin instal\u00b7lades des d&#8217;un equip o domini gestionat pel propi titular del<br>lloc Web per\u00f2 la informaci\u00f3 que es reculli mitjan\u00e7ant aquesta mar gestionada per un tercer, tamb\u00e9 seran<br>considerades com a galetes de tercers.<\/p>\n<p><\/p>\n<p><strong>Tipus de galetes segons la finalitat:<\/strong><\/p>\n<p><\/p>\n<p>Galetes t\u00e8cniques: s\u00f3n aquelles que permeten a l&#8217;usuari la navegaci\u00f3 a trav\u00e9s d&#8217;una p\u00e0gina web,<br>plataforma o aplicaci\u00f3 i la utilitzaci\u00f3 de les diferents opcions o serveis que hi existeixen,<br>incloent aquelles que l&#8217;editor utilitza per permetre la gesti\u00f3 i l&#8217;operativa de la p\u00e0gina web i habilitar<br>les seves funcions i serveis, com, per exemple, controlar el tr\u00e0nsit i la comunicaci\u00f3 de dades, identificar-la<br>sessi\u00f3, accedir a les parts d&#8217;acc\u00e9s restringit, recordar els elements que integrin un comandament, fer-ho<br>proc\u00e9s de compra d&#8217;un comanda, gestionar el pagament, controlar el frau vinculat a la seguretat del<br>servei, realitzar la sol\u00b7licitud d&#8217;inscripci\u00f3 o participaci\u00f3 en un esdeveniment, comptar visites a efectes de la<br>facturaci\u00f3 de llic\u00e8ncies del programari amb qu\u00e8 funciona el servei (lloc web, plataforma o aplicaci\u00f3),<br>utilitzar elements de seguretat durant la navegaci\u00f3, emmagatzemar continguts per a la difusi\u00f3 de v\u00eddeos o<br>so, habilitar continguts din\u00e0mics (per exemple, animaci\u00f3 de c\u00e0rrega d&#8217;un text o imatge) o<br>compartir continguts a trav\u00e9s de xarxes socials.<\/p>\n<p><\/p>\n<p>Tamb\u00e9 pertanyen a aquesta categoria, per la seva naturalesa t\u00e8cnica, aquelles galetes que permetin la gesti\u00f3,<br>de la manera m\u00e9s efica\u00e7 possible, dels espais publicitaris que, com un element m\u00e9s de disseny o<br>maquetaci\u00f3 del servei ofert a l&#8217;usuari, l&#8217;editor ha incl\u00f2s en una p\u00e0gina web, aplicaci\u00f3 o<br>plataforma en base a criteris com el contingut editat, sense que es recopilin la informaci\u00f3 dels usuaris<br>amb finalitats diferents, com pot ser personalitzar aquest contingut publicitari o altres continguts.<\/p>\n<p><\/p>\n<p><strong>Cookies de prefer\u00e8ncies o personalitzaci\u00f3: <\/strong>s\u00f3n aquelles que permeten recordar informaci\u00f3 per a qu\u00e8 el<br>usuari accedeixi al servei amb determinades caracter\u00edstiques que poden diferenciar la seva experi\u00e8ncia de la<br>d&#8217;altres usuaris, com, per exemple, l&#8217;idioma, el nom de resultats a mostrar quan l&#8217;usuari<br>realitza una recerca, l&#8217;aspecte o contingut del servei en funci\u00f3 del tipus de navegador a trav\u00e9s del<br>qual l&#8217;usuari accedeix al servei o de la regi\u00f3 des de la qual accedeix al servei, etc.<\/p>\n<p><\/p>\n<p><strong>Cookies d&#8217;an\u00e0lisi o mesura:<\/strong> s\u00f3n aquelles que permeten al responsable de les mateixes el seguiment i<br>an\u00e0lisi del comportament dels usuaris dels llocs web als quals estan vinculats, inclosa la<br>quantificaci\u00f3 dels impactes dels anuncis. La informaci\u00f3 reconeguda mitjan\u00e7ant aquest tipus de cookies es<br>utilitza a la medici\u00f3 de l&#8217;activitat dels llocs web, aplicaci\u00f3 o plataforma, amb la finalitat d&#8217;introduir<br>millores en funci\u00f3 de l&#8217;an\u00e0lisi de les dades de l&#8217;\u00fas que fan els usuaris del servei.<\/p>\n<p><\/p>\n<p><strong>Cookies de publicitat comportamental:<\/strong> s\u00f3n aquelles que permeten la gesti\u00f3, de la manera m\u00e9s efica\u00e7<br>possible, dels espais publicitaris que hi ha a la p\u00e0gina web. Aquestes cookies emmagatzemen informaci\u00f3 del<br>comportament dels usuaris obtingut a trav\u00e9s de l&#8217;observaci\u00f3 continuada dels seus h\u00e0bits de<br>navegaci\u00f3, el que permet desenvolupar un perfil espec\u00edfic per mostrar publicitat en funci\u00f3 del mateix.<\/p>\n<p><\/p>\n<p><strong>Cookies de geolocalitzaci\u00f3:<\/strong> s&#8217;utilitzen per saber en quin lloc es troba un usuari quan sol\u00b7liciti<br>un servei. Aquesta galeta \u00e9s an\u00f2nima i es fa servir per exemple per oferir-li la informaci\u00f3 adequada<br>depenent del pa\u00eds on es trobi.<\/p>\n<p><\/p>\n<p><strong>Tipus de cookies segons el termini de temps que romanen activades:<\/strong><\/p>\n<p><\/p>\n<p><strong>Cookies de sessi\u00f3: <\/strong>s\u00f3n aquelles dissenyades per a recollir i emmagatzemar dades mentre l&#8217;usuari accedeix a<br>una p\u00e0gina web. Se solen emprar per emmagatzemar informaci\u00f3 que nom\u00e9s interessa conservar per a la<br>prestaci\u00f3 del servei sol\u00b7licitat per l&#8217;usuari en una sola ocasi\u00f3 (per exemple, una llista de productes<br>adquirits) i desapareixen en finalitzar la sessi\u00f3.<\/p>\n<p><\/p>\n<p><strong>Cookies persistents:<\/strong> s\u00f3n aquelles en qu\u00e8 les dades segueixen emmagatzemades al terminal i poden ser<br>accedits i tractats durant un per\u00edode definit pel responsable de la galeta, i que pot anar d&#8217;uns<br>minuts a diversos anys.<\/p>\n<p><\/p>\n<p><strong>COOKIES UTILITZADES EN LA NOSTRA WEB<\/strong><\/p>\n<p><\/p>\n<table>\n<thead>\n<tr>\n<th style=\"text-align:left\">Denominaci\u00f3<br><\/th>\n<th style=\"text-align:left\">Titular<\/th>\n<th style=\"text-align:left\">Duraci\u00f2<\/th>\n<th style=\"text-align:left\">Finalitat<\/th>\n<\/tr>\n<\/thead>\n<tbody>\n<tr>\n<td style=\"text-align: left;\">1P_JAR<\/td>\n<td style=\"text-align: left;\">Google Adwords<\/td>\n<td style=\"text-align: left;\">Persistent<\/td>\n<td style=\"text-align: left;\">Publicit\u00e0ria<\/td>\n<\/tr>\n<tr>\n<td style=\"text-align: left;\">s_vi&nbsp;Adobe<\/td>\n<td style=\"text-align: left;\">Analytics<\/td>\n<td style=\"text-align: left;\">1 dia<\/td>\n<td style=\"text-align: left;\">Marca de data i hora de l&#8217;identificador de visitant<br><\/td>\n<\/tr>\n<tr>\n<td style=\"text-align: left;\">PHPSESSID<\/td>\n<td style=\"text-align: left;\">Cookie T\u00e8cnica Sessi\u00f3<\/td>\n<td style=\"text-align: left;\">Se elimina al<br>cerrar el navegador<\/td>\n<td style=\"text-align: left;\">Cont\u00e9 l&#8217;identificador de la sessi\u00f3 . S&#8217;elimina al<br>\ntancar el navegador.<\/td>\n<\/tr>\n<\/tbody>\n<\/table>\n<p><\/p>\n<p><b>COM ES DESHABILITEN LES COOKIES ALS NAVEGADORS?<\/b><\/p>\n<p><\/p>\n<p>L &#8216;usuari pot, en qualsevol moment, permetre, bloquejar o eliminar les cookies instal\u00b7lades al seu equip<br>mitjan\u00e7ant la modificaci\u00f3 dels par\u00e0metres de configuraci\u00f3 del navegador instal\u00b7lat a l&#8217;ordinador:<\/p>\n<p><\/p>\n<p>Configuraci\u00f3 de<strong> <a href=\"https:\/\/support.google.com\/chrome\/answer\/95647?hl=es&amp;sc_ref_bbva=https%3A%2F%2Fwww.bbva.es%2Fsistema%2Fmeta%2Faviso-legal%2Findex.jsp\">Chrome<\/a><\/strong> -&gt; Mostra opcions avan\u00e7ades -&gt; Privacitat -&gt; Configuraci\u00f3 del contingut.<br>Per a m\u00e9s informaci\u00f3, podeu consultar el <a href=\"https:\/\/support.google.com\/chrome\/answer\/95647?hl=es&amp;ref_topic=3434352\">suport de Google<\/a> o l&#8217;ajuda del navegador.<\/p>\n<p><\/p>\n<p><strong><a href=\"https:\/\/www.microsoft.com\/es-es\/edge?form=MA13FJ\">Edge<\/a><\/strong> Herramientas -&gt; Opcions d&#8217;Internet -&gt; Privacitat -&gt; Configuraci\u00f3.<br>Per a m\u00e9s informaci\u00f3, podeu consultar el <a href=\"https:\/\/support.microsoft.com\/es-es\/windows\/ayuda-de-internet-explorer-23360e49-9cd3-4dda-ba52-705336cc0de2#ie=ie-11\">suport de Microsoft <\/a>o l&#8217;ajuda del navegador.<\/p>\n<p><\/p>\n<p><strong><a href=\"https:\/\/support.mozilla.org\/es\/kb\/habilitar-y-deshabilitar-cookies-sitios-web-rastrear-preferencias?sc_ref_bbva=https%3A%2F%2Fwww.bbva.es%2Fsistema%2Fmeta%2Faviso-legal%2Findex.jsp&amp;redirectslug=habilitar-y-deshabilitar-cookies-que-los-sitios-we&amp;redirectlocale=es\">Firefox<\/a><\/strong>: Herramientas -&gt;Opcions -&gt; Privacitat -&gt; Historial -&gt; Configuraci\u00f3 personalitzada.<br>Per a m\u00e9s informaci\u00f3, podeu consultar el <a href=\"https:\/\/support.mozilla.org\/es\/\">suport de Mozilla<\/a> o l&#8217;ajuda del navegador.<\/p>\n<p><\/p>\n<p><strong><a href=\"https:\/\/support.apple.com\/es-es\/guide\/safari\/sfri11471\/mac\">Safari<\/a> <\/strong>Prefer\u00e8ncies -&gt; Seguretat.<br>Per a m\u00e9s informaci\u00f3, podeu consultar el <a href=\"https:\/\/support.apple.com\/es-es\/HT201265\">suport d&#8217;Apple<\/a> o l&#8217;ajuda del navegador.<\/p>\n<p><\/p>\n<p>La desactivaci\u00f3 de les galetes no impedeix la navegaci\u00f3 pel lloc web, encara que l&#8217;\u00fas d&#8217;alguns dels seus<br>els serveis podran ser limitats i, per tant, la seva experi\u00e8ncia de navegaci\u00f3 podr\u00e0 ser menys satisfact\u00f2ria.<\/p>\n<p><\/p>\n<p><strong>RETIRAR EL CONSENTIMENT<\/strong><\/p>\n<p><\/p>\n<p>L&#8217;usuari podr\u00e0 retirar en qualsevol moment el consentiment relacionat amb la Pol\u00edtica de Cookies, i podr\u00e0<br>elimineu les galetes emmagatzemades a l&#8217;equip a trav\u00e9s dels ajustaments i configuracions del navegador<br>Internet, indicats anteriorment, aix\u00ed com accedint al nostre panell de configuraci\u00f3 al banner de cookies.<\/p>\n<p><\/p>\n<p><strong>CONFIGURACI\u00d3<\/strong><\/p>\n<p><\/p>\n<p>La present Pol\u00edtica de Cookies es podr\u00e0 modificar quan aix\u00ed s&#8217;exigeixi la legislaci\u00f3 vigent a cada moment o<br>quan hi hauria alguna variaci\u00f3 en el tipus de cookies utilitzades al lloc web. Per aix\u00f2, us recomanem<br>revisar aquesta pol\u00edtica cada cop que accedeixi al nostre lloc web amb l&#8217;objectiu d&#8217;estar adequadament informat<br>sobre com i per qu\u00e8 utilitzem les cookies.<\/p>\n<p><\/p>\t\t\t\t\t\t\t\t<\/div>\n\t\t\t\t\t<\/div>\n\t\t<\/div>\n\t\t\t\t\t<\/div>\n\t\t<\/section>\n\t\t\t\t<\/div>\n\t\t","protected":false},"excerpt":{"rendered":"<p>Pol\u00edtica de Cookies Aquesta pol\u00edtica de cookies t\u00e9 per finalitat informar de manera clara i precisa sobre les cookies que s&#8217;utilitzena la nostra web. Utilitzem cookies pr\u00f2pies i de tercers per millorar els nostres serveis, personalitzar el nostre lloc web, facilitarla navegaci\u00f3 dels nostres usuaris, proporcionar-vos una millor experi\u00e8ncia en l&#8217;\u00fas del lloc web, identificarproblemes [&hellip;]<\/p>\n","protected":false},"author":3,"featured_media":0,"parent":0,"menu_order":0,"comment_status":"closed","ping_status":"closed","template":"","meta":{"footnotes":""},"categories":[],"tags":[],"class_list":["post-9790","page","type-page","status-publish","hentry"],"yoast_head":"<!-- This site is optimized with the Yoast SEO plugin v27.3 - https:\/\/yoast.com\/product\/yoast-seo-wordpress\/ -->\n<title>Pol\u00edtica de Cookies - Laby<\/title>\n<meta name=\"robots\" content=\"noindex, nofollow\" \/>\n<meta property=\"og:locale\" content=\"ca_ES\" \/>\n<meta property=\"og:type\" content=\"article\" \/>\n<meta property=\"og:title\" content=\"Pol\u00edtica de Cookies - Laby\" \/>\n<meta property=\"og:description\" content=\"Pol\u00edtica de Cookies Aquesta pol\u00edtica de cookies t\u00e9 per finalitat informar de manera clara i precisa sobre les cookies que s&#8217;utilitzena la nostra web. Utilitzem cookies pr\u00f2pies i de tercers per millorar els nostres serveis, personalitzar el nostre lloc web, facilitarla navegaci\u00f3 dels nostres usuaris, proporcionar-vos una millor experi\u00e8ncia en l&#8217;\u00fas del lloc web, identificarproblemes [&hellip;]\" \/>\n<meta property=\"og:url\" content=\"https:\/\/laby.es\/es\/politica-de-cookies\/\" \/>\n<meta property=\"og:site_name\" content=\"Laby\" \/>\n<meta property=\"article:modified_time\" content=\"2023-03-24T11:55:06+00:00\" \/>\n<meta property=\"og:image\" content=\"https:\/\/laby.es\/wp-content\/uploads\/2022\/11\/laby_forever_data-scaled.jpg\" \/>\n\t<meta property=\"og:image:width\" content=\"2560\" \/>\n\t<meta property=\"og:image:height\" content=\"1152\" \/>\n\t<meta property=\"og:image:type\" content=\"image\/jpeg\" \/>\n<meta name=\"twitter:card\" content=\"summary_large_image\" \/>\n<meta name=\"twitter:label1\" content=\"Temps estimat de lectura\" \/>\n\t<meta name=\"twitter:data1\" content=\"7 minuts\" \/>\n<script type=\"application\/ld+json\" class=\"yoast-schema-graph\">{\"@context\":\"https:\\\/\\\/schema.org\",\"@graph\":[{\"@type\":\"WebPage\",\"@id\":\"https:\\\/\\\/laby.es\\\/es\\\/politica-de-cookies\\\/\",\"url\":\"https:\\\/\\\/laby.es\\\/es\\\/politica-de-cookies\\\/\",\"name\":\"Pol\u00edtica de Cookies - Laby\",\"isPartOf\":{\"@id\":\"https:\\\/\\\/laby.es\\\/es\\\/#website\"},\"datePublished\":\"2022-09-28T12:54:34+00:00\",\"dateModified\":\"2023-03-24T11:55:06+00:00\",\"breadcrumb\":{\"@id\":\"https:\\\/\\\/laby.es\\\/es\\\/politica-de-cookies\\\/#breadcrumb\"},\"inLanguage\":\"ca\",\"potentialAction\":[{\"@type\":\"ReadAction\",\"target\":[\"https:\\\/\\\/laby.es\\\/es\\\/politica-de-cookies\\\/\"]}]},{\"@type\":\"BreadcrumbList\",\"@id\":\"https:\\\/\\\/laby.es\\\/es\\\/politica-de-cookies\\\/#breadcrumb\",\"itemListElement\":[{\"@type\":\"ListItem\",\"position\":1,\"name\":\"Portada\",\"item\":\"https:\\\/\\\/laby.es\\\/ca\\\/\"},{\"@type\":\"ListItem\",\"position\":2,\"name\":\"Pol\u00edtica de Cookies\"}]},{\"@type\":\"WebSite\",\"@id\":\"https:\\\/\\\/laby.es\\\/es\\\/#website\",\"url\":\"https:\\\/\\\/laby.es\\\/es\\\/\",\"name\":\"Laby\",\"description\":\"Servicio de recuperaci\u00f3n de datos en Barcelona\",\"publisher\":{\"@id\":\"https:\\\/\\\/laby.es\\\/es\\\/#organization\"},\"potentialAction\":[{\"@type\":\"SearchAction\",\"target\":{\"@type\":\"EntryPoint\",\"urlTemplate\":\"https:\\\/\\\/laby.es\\\/es\\\/?s={search_term_string}\"},\"query-input\":{\"@type\":\"PropertyValueSpecification\",\"valueRequired\":true,\"valueName\":\"search_term_string\"}}],\"inLanguage\":\"ca\"},{\"@type\":\"Organization\",\"@id\":\"https:\\\/\\\/laby.es\\\/es\\\/#organization\",\"name\":\"Laby\",\"url\":\"https:\\\/\\\/laby.es\\\/es\\\/\",\"logo\":{\"@type\":\"ImageObject\",\"inLanguage\":\"ca\",\"@id\":\"https:\\\/\\\/laby.es\\\/es\\\/#\\\/schema\\\/logo\\\/image\\\/\",\"url\":\"https:\\\/\\\/laby.es\\\/wp-content\\\/uploads\\\/2022\\\/08\\\/logo-laby.png\",\"contentUrl\":\"https:\\\/\\\/laby.es\\\/wp-content\\\/uploads\\\/2022\\\/08\\\/logo-laby.png\",\"width\":150,\"height\":42,\"caption\":\"Laby\"},\"image\":{\"@id\":\"https:\\\/\\\/laby.es\\\/es\\\/#\\\/schema\\\/logo\\\/image\\\/\"}}]}<\/script>\n<!-- \/ Yoast SEO plugin. -->","yoast_head_json":{"title":"Pol\u00edtica de Cookies - Laby","robots":{"index":"noindex","follow":"nofollow"},"og_locale":"ca_ES","og_type":"article","og_title":"Pol\u00edtica de Cookies - Laby","og_description":"Pol\u00edtica de Cookies Aquesta pol\u00edtica de cookies t\u00e9 per finalitat informar de manera clara i precisa sobre les cookies que s&#8217;utilitzena la nostra web. Utilitzem cookies pr\u00f2pies i de tercers per millorar els nostres serveis, personalitzar el nostre lloc web, facilitarla navegaci\u00f3 dels nostres usuaris, proporcionar-vos una millor experi\u00e8ncia en l&#8217;\u00fas del lloc web, identificarproblemes [&hellip;]","og_url":"https:\/\/laby.es\/es\/politica-de-cookies\/","og_site_name":"Laby","article_modified_time":"2023-03-24T11:55:06+00:00","og_image":[{"width":2560,"height":1152,"url":"https:\/\/laby.es\/wp-content\/uploads\/2022\/11\/laby_forever_data-scaled.jpg","type":"image\/jpeg"}],"twitter_card":"summary_large_image","twitter_misc":{"Temps estimat de lectura":"7 minuts"},"schema":{"@context":"https:\/\/schema.org","@graph":[{"@type":"WebPage","@id":"https:\/\/laby.es\/es\/politica-de-cookies\/","url":"https:\/\/laby.es\/es\/politica-de-cookies\/","name":"Pol\u00edtica de Cookies - Laby","isPartOf":{"@id":"https:\/\/laby.es\/es\/#website"},"datePublished":"2022-09-28T12:54:34+00:00","dateModified":"2023-03-24T11:55:06+00:00","breadcrumb":{"@id":"https:\/\/laby.es\/es\/politica-de-cookies\/#breadcrumb"},"inLanguage":"ca","potentialAction":[{"@type":"ReadAction","target":["https:\/\/laby.es\/es\/politica-de-cookies\/"]}]},{"@type":"BreadcrumbList","@id":"https:\/\/laby.es\/es\/politica-de-cookies\/#breadcrumb","itemListElement":[{"@type":"ListItem","position":1,"name":"Portada","item":"https:\/\/laby.es\/ca\/"},{"@type":"ListItem","position":2,"name":"Pol\u00edtica de Cookies"}]},{"@type":"WebSite","@id":"https:\/\/laby.es\/es\/#website","url":"https:\/\/laby.es\/es\/","name":"Laby","description":"Servicio de recuperaci\u00f3n de datos en Barcelona","publisher":{"@id":"https:\/\/laby.es\/es\/#organization"},"potentialAction":[{"@type":"SearchAction","target":{"@type":"EntryPoint","urlTemplate":"https:\/\/laby.es\/es\/?s={search_term_string}"},"query-input":{"@type":"PropertyValueSpecification","valueRequired":true,"valueName":"search_term_string"}}],"inLanguage":"ca"},{"@type":"Organization","@id":"https:\/\/laby.es\/es\/#organization","name":"Laby","url":"https:\/\/laby.es\/es\/","logo":{"@type":"ImageObject","inLanguage":"ca","@id":"https:\/\/laby.es\/es\/#\/schema\/logo\/image\/","url":"https:\/\/laby.es\/wp-content\/uploads\/2022\/08\/logo-laby.png","contentUrl":"https:\/\/laby.es\/wp-content\/uploads\/2022\/08\/logo-laby.png","width":150,"height":42,"caption":"Laby"},"image":{"@id":"https:\/\/laby.es\/es\/#\/schema\/logo\/image\/"}}]}},"_links":{"self":[{"href":"https:\/\/laby.es\/ca\/wp-json\/wp\/v2\/pages\/9790","targetHints":{"allow":["GET"]}}],"collection":[{"href":"https:\/\/laby.es\/ca\/wp-json\/wp\/v2\/pages"}],"about":[{"href":"https:\/\/laby.es\/ca\/wp-json\/wp\/v2\/types\/page"}],"author":[{"embeddable":true,"href":"https:\/\/laby.es\/ca\/wp-json\/wp\/v2\/users\/3"}],"replies":[{"embeddable":true,"href":"https:\/\/laby.es\/ca\/wp-json\/wp\/v2\/comments?post=9790"}],"version-history":[{"count":3,"href":"https:\/\/laby.es\/ca\/wp-json\/wp\/v2\/pages\/9790\/revisions"}],"predecessor-version":[{"id":13107,"href":"https:\/\/laby.es\/ca\/wp-json\/wp\/v2\/pages\/9790\/revisions\/13107"}],"wp:attachment":[{"href":"https:\/\/laby.es\/ca\/wp-json\/wp\/v2\/media?parent=9790"}],"wp:term":[{"taxonomy":"category","embeddable":true,"href":"https:\/\/laby.es\/ca\/wp-json\/wp\/v2\/categories?post=9790"},{"taxonomy":"post_tag","embeddable":true,"href":"https:\/\/laby.es\/ca\/wp-json\/wp\/v2\/tags?post=9790"}],"curies":[{"name":"wp","href":"https:\/\/api.w.org\/{rel}","templated":true}]}}