{"id":9786,"date":"2022-09-28T14:52:18","date_gmt":"2022-09-28T12:52:18","guid":{"rendered":"https:\/\/laby.es\/politica-de-qualitat\/"},"modified":"2024-04-15T10:06:16","modified_gmt":"2024-04-15T08:06:16","slug":"politica-de-qualitat","status":"publish","type":"page","link":"https:\/\/laby.es\/ca\/politica-de-qualitat\/","title":{"rendered":"Pol\u00edtica de Qualitat"},"content":{"rendered":"\n<h1 class=\"wp-block-heading\">Pol\u00edtica de Qualitat<\/h1>\n\n\n\n<p><strong>Laby Aplicaciones T\u00e9cnicas S.L.<\/strong> es dedica a oferir serveis inform\u00e0tics <strong>relacionats amb la recuperaci\u00f3 de dades i projectes i serveis de peritatge inform\u00e0tics.<\/strong> La Direcci\u00f3 de <strong>Laby Aplicaciones T\u00e9cnicas S.L.<\/strong> manifesta el seu comprom\u00eds amb el <strong>sistema de gesti\u00f3 de la Qualitat implantat<\/strong> i anima el personal perqu\u00e8 s&#8217;hi integri i hi participi.<\/p>\n\n\n\n<p>La pol\u00edtica reflecteix la clara orientaci\u00f3 que tenim cap a all\u00f2 que considerem dos factors claus:<br>&#8211; <strong>Clients:<\/strong> la satisfacci\u00f3 i la fidelitzaci\u00f3 dels nostres clients \u00e9s un objectiu prioritari.<br>&#8211; <strong>Resultats:<\/strong> cerquem l&#8217;equilibri i la m\u00e0xima satisfacci\u00f3 de totes les parts interessades.<\/p>\n\n\n\n<p>Per tot aix\u00f2 a <strong>Laby Aplicaciones T\u00e9cnicas S.L.<\/strong> ens comprometem a:<br>&#8211; Satisfer les necessitats dels nostres clients, basant-nos en la <strong>millora continua<\/strong> del nostre servei.<br>&#8211; <strong>Con\u00e8ixer les necessitats i les expectatives de totes les parts interessades que s\u00f3n pertinents al sistema de gesti\u00f3.<\/strong><br>&#8211; <strong>Complir la legislaci\u00f3<\/strong> vigent en mat\u00e8ria de qualitat, a m\u00e9s d&#8217;altres requisits que puguin ser requerits de conformitat amb els nostres clients i\/o parts interessades.<br>&#8211; Establir una <strong>comunicaci\u00f3 efica\u00e7 i continuada<\/strong> per detectar necessitats i millorar la gesti\u00f3 del sistema.<br>&#8211; <strong>Proveir els recursos<\/strong> necessaris per al desenvolupament i la implantaci\u00f3 de l&#8217;SG.<br><strong>&#8211; Establir objectius i metes d&#8217;acord amb el context de l&#8217;organitzaci\u00f3 i l&#8217;estrat\u00e8gia que cal seguir, millorant cont\u00ednuament la seva efic\u00e0cia<\/strong> mitjan\u00e7ant un seguiment exhaustiu i revisions peri\u00f2diques.<\/p>\n\n\n\n<p>La Direcci\u00f3 de <strong>Laby Aplicaciones T\u00e9cnicas S.L<\/strong>. assegura que aquesta pol\u00edtica \u00e9s distribu\u00efda, entesa i acceptada per tot el personal de l&#8217;organitzaci\u00f3, a m\u00e9s de prove\u00efdors i col\u00b7laboradors quan es consideri necessari, i pot ser consultada per qualsevol persona aliena a aquesta organitzaci\u00f3 a trav\u00e9s de la nostra p\u00e0gina web <a href=\"https:\/\/www.laby.es\/\">https:\/\/www.laby.es\/<\/a><\/p>\n\n\n\n<p>           <strong>Barcelona, 14 de Mar\u00e7 de 2024<\/strong><\/p>\n\n\n\n<p><\/p>\n","protected":false},"excerpt":{"rendered":"<p>Pol\u00edtica de Qualitat Laby Aplicaciones T\u00e9cnicas S.L. es dedica a oferir serveis inform\u00e0tics relacionats amb la recuperaci\u00f3 de dades i projectes i serveis de peritatge inform\u00e0tics. La Direcci\u00f3 de Laby Aplicaciones T\u00e9cnicas S.L. manifesta el seu comprom\u00eds amb el sistema de gesti\u00f3 de la Qualitat implantat i anima el personal perqu\u00e8 s&#8217;hi integri i hi [&hellip;]<\/p>\n","protected":false},"author":3,"featured_media":0,"parent":0,"menu_order":0,"comment_status":"closed","ping_status":"closed","template":"","meta":{"footnotes":""},"categories":[],"tags":[],"class_list":["post-9786","page","type-page","status-publish","hentry"],"yoast_head":"<!-- This site is optimized with the Yoast SEO plugin v27.3 - https:\/\/yoast.com\/product\/yoast-seo-wordpress\/ -->\n<title>Pol\u00edtica de Qualitat - Laby<\/title>\n<meta name=\"robots\" content=\"noindex, nofollow\" \/>\n<meta property=\"og:locale\" content=\"ca_ES\" \/>\n<meta property=\"og:type\" content=\"article\" \/>\n<meta property=\"og:title\" content=\"Pol\u00edtica de Qualitat - Laby\" \/>\n<meta property=\"og:description\" content=\"Pol\u00edtica de Qualitat Laby Aplicaciones T\u00e9cnicas S.L. es dedica a oferir serveis inform\u00e0tics relacionats amb la recuperaci\u00f3 de dades i projectes i serveis de peritatge inform\u00e0tics. La Direcci\u00f3 de Laby Aplicaciones T\u00e9cnicas S.L. manifesta el seu comprom\u00eds amb el sistema de gesti\u00f3 de la Qualitat implantat i anima el personal perqu\u00e8 s&#8217;hi integri i hi [&hellip;]\" \/>\n<meta property=\"og:url\" content=\"https:\/\/laby.es\/ca\/politica-de-qualitat\/\" \/>\n<meta property=\"og:site_name\" content=\"Laby\" \/>\n<meta property=\"article:modified_time\" content=\"2024-04-15T08:06:16+00:00\" \/>\n<meta property=\"og:image\" content=\"https:\/\/laby.es\/wp-content\/uploads\/2022\/11\/laby_forever_data-scaled.jpg\" \/>\n\t<meta property=\"og:image:width\" content=\"2560\" \/>\n\t<meta property=\"og:image:height\" content=\"1152\" \/>\n\t<meta property=\"og:image:type\" content=\"image\/jpeg\" \/>\n<meta name=\"twitter:card\" content=\"summary_large_image\" \/>\n<meta name=\"twitter:label1\" content=\"Temps estimat de lectura\" \/>\n\t<meta name=\"twitter:data1\" content=\"2 minuts\" \/>\n<script type=\"application\/ld+json\" class=\"yoast-schema-graph\">{\"@context\":\"https:\\\/\\\/schema.org\",\"@graph\":[{\"@type\":\"WebPage\",\"@id\":\"https:\\\/\\\/laby.es\\\/ca\\\/politica-de-qualitat\\\/\",\"url\":\"https:\\\/\\\/laby.es\\\/ca\\\/politica-de-qualitat\\\/\",\"name\":\"Pol\u00edtica de Qualitat - Laby\",\"isPartOf\":{\"@id\":\"https:\\\/\\\/laby.es\\\/es\\\/#website\"},\"datePublished\":\"2022-09-28T12:52:18+00:00\",\"dateModified\":\"2024-04-15T08:06:16+00:00\",\"breadcrumb\":{\"@id\":\"https:\\\/\\\/laby.es\\\/ca\\\/politica-de-qualitat\\\/#breadcrumb\"},\"inLanguage\":\"ca\",\"potentialAction\":[{\"@type\":\"ReadAction\",\"target\":[\"https:\\\/\\\/laby.es\\\/ca\\\/politica-de-qualitat\\\/\"]}]},{\"@type\":\"BreadcrumbList\",\"@id\":\"https:\\\/\\\/laby.es\\\/ca\\\/politica-de-qualitat\\\/#breadcrumb\",\"itemListElement\":[{\"@type\":\"ListItem\",\"position\":1,\"name\":\"Portada\",\"item\":\"https:\\\/\\\/laby.es\\\/ca\\\/\"},{\"@type\":\"ListItem\",\"position\":2,\"name\":\"Pol\u00edtica de Qualitat\"}]},{\"@type\":\"WebSite\",\"@id\":\"https:\\\/\\\/laby.es\\\/es\\\/#website\",\"url\":\"https:\\\/\\\/laby.es\\\/es\\\/\",\"name\":\"Laby\",\"description\":\"Servicio de recuperaci\u00f3n de datos en Barcelona\",\"publisher\":{\"@id\":\"https:\\\/\\\/laby.es\\\/es\\\/#organization\"},\"potentialAction\":[{\"@type\":\"SearchAction\",\"target\":{\"@type\":\"EntryPoint\",\"urlTemplate\":\"https:\\\/\\\/laby.es\\\/es\\\/?s={search_term_string}\"},\"query-input\":{\"@type\":\"PropertyValueSpecification\",\"valueRequired\":true,\"valueName\":\"search_term_string\"}}],\"inLanguage\":\"ca\"},{\"@type\":\"Organization\",\"@id\":\"https:\\\/\\\/laby.es\\\/es\\\/#organization\",\"name\":\"Laby\",\"url\":\"https:\\\/\\\/laby.es\\\/es\\\/\",\"logo\":{\"@type\":\"ImageObject\",\"inLanguage\":\"ca\",\"@id\":\"https:\\\/\\\/laby.es\\\/es\\\/#\\\/schema\\\/logo\\\/image\\\/\",\"url\":\"https:\\\/\\\/laby.es\\\/wp-content\\\/uploads\\\/2022\\\/08\\\/logo-laby.png\",\"contentUrl\":\"https:\\\/\\\/laby.es\\\/wp-content\\\/uploads\\\/2022\\\/08\\\/logo-laby.png\",\"width\":150,\"height\":42,\"caption\":\"Laby\"},\"image\":{\"@id\":\"https:\\\/\\\/laby.es\\\/es\\\/#\\\/schema\\\/logo\\\/image\\\/\"}}]}<\/script>\n<!-- \/ Yoast SEO plugin. -->","yoast_head_json":{"title":"Pol\u00edtica de Qualitat - Laby","robots":{"index":"noindex","follow":"nofollow"},"og_locale":"ca_ES","og_type":"article","og_title":"Pol\u00edtica de Qualitat - Laby","og_description":"Pol\u00edtica de Qualitat Laby Aplicaciones T\u00e9cnicas S.L. es dedica a oferir serveis inform\u00e0tics relacionats amb la recuperaci\u00f3 de dades i projectes i serveis de peritatge inform\u00e0tics. La Direcci\u00f3 de Laby Aplicaciones T\u00e9cnicas S.L. manifesta el seu comprom\u00eds amb el sistema de gesti\u00f3 de la Qualitat implantat i anima el personal perqu\u00e8 s&#8217;hi integri i hi [&hellip;]","og_url":"https:\/\/laby.es\/ca\/politica-de-qualitat\/","og_site_name":"Laby","article_modified_time":"2024-04-15T08:06:16+00:00","og_image":[{"width":2560,"height":1152,"url":"https:\/\/laby.es\/wp-content\/uploads\/2022\/11\/laby_forever_data-scaled.jpg","type":"image\/jpeg"}],"twitter_card":"summary_large_image","twitter_misc":{"Temps estimat de lectura":"2 minuts"},"schema":{"@context":"https:\/\/schema.org","@graph":[{"@type":"WebPage","@id":"https:\/\/laby.es\/ca\/politica-de-qualitat\/","url":"https:\/\/laby.es\/ca\/politica-de-qualitat\/","name":"Pol\u00edtica de Qualitat - Laby","isPartOf":{"@id":"https:\/\/laby.es\/es\/#website"},"datePublished":"2022-09-28T12:52:18+00:00","dateModified":"2024-04-15T08:06:16+00:00","breadcrumb":{"@id":"https:\/\/laby.es\/ca\/politica-de-qualitat\/#breadcrumb"},"inLanguage":"ca","potentialAction":[{"@type":"ReadAction","target":["https:\/\/laby.es\/ca\/politica-de-qualitat\/"]}]},{"@type":"BreadcrumbList","@id":"https:\/\/laby.es\/ca\/politica-de-qualitat\/#breadcrumb","itemListElement":[{"@type":"ListItem","position":1,"name":"Portada","item":"https:\/\/laby.es\/ca\/"},{"@type":"ListItem","position":2,"name":"Pol\u00edtica de Qualitat"}]},{"@type":"WebSite","@id":"https:\/\/laby.es\/es\/#website","url":"https:\/\/laby.es\/es\/","name":"Laby","description":"Servicio de recuperaci\u00f3n de datos en Barcelona","publisher":{"@id":"https:\/\/laby.es\/es\/#organization"},"potentialAction":[{"@type":"SearchAction","target":{"@type":"EntryPoint","urlTemplate":"https:\/\/laby.es\/es\/?s={search_term_string}"},"query-input":{"@type":"PropertyValueSpecification","valueRequired":true,"valueName":"search_term_string"}}],"inLanguage":"ca"},{"@type":"Organization","@id":"https:\/\/laby.es\/es\/#organization","name":"Laby","url":"https:\/\/laby.es\/es\/","logo":{"@type":"ImageObject","inLanguage":"ca","@id":"https:\/\/laby.es\/es\/#\/schema\/logo\/image\/","url":"https:\/\/laby.es\/wp-content\/uploads\/2022\/08\/logo-laby.png","contentUrl":"https:\/\/laby.es\/wp-content\/uploads\/2022\/08\/logo-laby.png","width":150,"height":42,"caption":"Laby"},"image":{"@id":"https:\/\/laby.es\/es\/#\/schema\/logo\/image\/"}}]}},"_links":{"self":[{"href":"https:\/\/laby.es\/ca\/wp-json\/wp\/v2\/pages\/9786","targetHints":{"allow":["GET"]}}],"collection":[{"href":"https:\/\/laby.es\/ca\/wp-json\/wp\/v2\/pages"}],"about":[{"href":"https:\/\/laby.es\/ca\/wp-json\/wp\/v2\/types\/page"}],"author":[{"embeddable":true,"href":"https:\/\/laby.es\/ca\/wp-json\/wp\/v2\/users\/3"}],"replies":[{"embeddable":true,"href":"https:\/\/laby.es\/ca\/wp-json\/wp\/v2\/comments?post=9786"}],"version-history":[{"count":3,"href":"https:\/\/laby.es\/ca\/wp-json\/wp\/v2\/pages\/9786\/revisions"}],"predecessor-version":[{"id":16297,"href":"https:\/\/laby.es\/ca\/wp-json\/wp\/v2\/pages\/9786\/revisions\/16297"}],"wp:attachment":[{"href":"https:\/\/laby.es\/ca\/wp-json\/wp\/v2\/media?parent=9786"}],"wp:term":[{"taxonomy":"category","embeddable":true,"href":"https:\/\/laby.es\/ca\/wp-json\/wp\/v2\/categories?post=9786"},{"taxonomy":"post_tag","embeddable":true,"href":"https:\/\/laby.es\/ca\/wp-json\/wp\/v2\/tags?post=9786"}],"curies":[{"name":"wp","href":"https:\/\/api.w.org\/{rel}","templated":true}]}}