{"id":9682,"date":"2022-09-28T14:37:30","date_gmt":"2022-09-28T12:37:30","guid":{"rendered":"https:\/\/laby.es\/avis-legal\/"},"modified":"2025-06-15T10:33:25","modified_gmt":"2025-06-15T08:33:25","slug":"avis-legal","status":"publish","type":"page","link":"https:\/\/laby.es\/ca\/avis-legal\/","title":{"rendered":"Av\u00eds Legal"},"content":{"rendered":"\n<p><strong>LLEI DELS SERVEIS DE LA SOCIETAT DE LA INFORMACI\u00d3 (LSSI)<\/strong><\/p>\n\n<p><a href=\"https:\/\/laby.es\/wp-content\/uploads\/2023\/03\/LABY_APLICACIONES_TECNICAS_SL_Aviso_legal_.pdf\" target=\"_blank\" rel=\"noreferrer noopener\">Document PDF Av\u00eds Legal<\/a><\/p>\n\n<p><\/p>\n\n<p>LABY APLICACIONS T\u00c8CNIQUES, S.L., responsable del lloc web, d&#8217;ara endavant RESPONSABLE, posa a disposici\u00f3 dels usuaris el present document, amb el qual pret\u00e9n donar compliment a les obligacions disposades a la<br\/>Llei 34\/2002, d&#8217;11 de juliol, de serveis de la societat de la informaci\u00f3 i de comer\u00e7 electr\u00f2nic (LSSICE),<br\/>BOE N \u00ba 166, aix\u00ed com informar tots els usuaris del lloc web respecte a quines s\u00f3n les condicions d\u00fas.<br\/>Tota persona que accedeixi a aquest lloc web assumeix el paper dusuari, comprometent-se a l&#8217;observan\u00e7a i<br\/>compliment rigor\u00f3s de les disposicions aqu\u00ed disposades, aix\u00ed com a qualsevol altra disposici\u00f3 legal que fos<br\/>d&#8217;aplicaci\u00f3.<br\/>LABY APLICACIONS T\u00c8CNIQUES, S.L. es reserva el dret de modificar qualsevol mena d&#8217;informaci\u00f3 que pogu\u00e9s<br\/>apar\u00e8ixer al lloc web, sense que hi hagi obligaci\u00f3 de preavisar o posar en coneixement dels usuaris dites<br\/>obligacions, entenent-se com suficient amb la publicaci\u00f3 al lloc web de LABY APLICACIONS<br\/>T\u00c8CNIQUES, S.L..<\/p>\n\n<ol class=\"wp-block-list\">\n<li><strong>DADES IDENTIFICATIVES<\/strong><br\/><br\/>Nom de domini:<a href=\"https:\/\/laby.es\/ca\/\"> laby.es<\/a><br\/>Nom comercial: LABY APLICACIONS T\u00c8CNIQUES<br\/>Denominaci\u00f3 social: LABY APLICACIONS T\u00c8CNIQUES, S.L.<br\/>NIF: B65724155<br\/>Domicili social: Carrer Roger 25, Planta -1 SUB A<br\/>Tel\u00e8fon: 900525666<br\/>E-mail: info@laby.es<br\/>Inscrita en el Registre (Mercantil \/ P\u00fablic): Tom 43008 Foli 36, Full 417538<\/li>\n\n\n\n<li><strong>DRETS DE PROPIETAT INTEL\u00b7LECTUAL I INDUSTRIAL<\/strong><br\/><br\/>El lloc web, incloent-hi a t\u00edtol enunciatiu, per\u00f2 no limitatiu la seva programaci\u00f3, edici\u00f3, compilaci\u00f3 i altres<br\/>elements necessaris per al seu funcionament, els dissenys, logotips, text i\/o gr\u00e0fics, s\u00f3n propietat del<br\/>RESPONSABLE o, si escau, disposa de llic\u00e8ncia o autoritzaci\u00f3 expressa per part dels autors. Tots els<br\/>continguts del lloc web es troben degudament protegits per la normativa de propietat intel\u00b7lectual i<br\/>industrial, aix\u00ed com inscrits als registres p\u00fablics corresponents. <br\/><br\/>Independentment de la finalitat per a la qual fossin destinats, la reproducci\u00f3 total o parcial, \u00fas,<br\/>explotaci\u00f3, distribuci\u00f3 i comercialitzaci\u00f3 requereix en tot cas de l&#8217;autoritzaci\u00f3 escrita pr\u00e8via per part del<br\/>RESPONSABLE. Qualsevol \u00fas no autoritzat pr\u00e8viament es considera un incompliment greu dels drets<br\/>de propietat intel\u00b7lectual o industrial de l&#8217;autor. <br\/><br\/>Els dissenys, logotips, text i\/o gr\u00e0fics aliens al RESPONSABLE i que poguessin apar\u00e8ixer al lloc web,<br\/>pertanyen als seus respectius propietaris, sent ells mateixos responsables de qualsevol possible controv\u00e8rsia<br\/>que pogu\u00e9s suscitar-se respecte a aquests. El RESPONSABLE autoritza expressament que tercers puguin<br\/>redirigir directament als continguts concrets del lloc web, i en tot cas redirigir al lloc web principal de <br\/><a href=\"https:\/\/laby.es\/ca\/\">laby.es.<br\/><\/a><br\/>El RESPONSABLE reconeix a favor dels seus titulars els corresponents drets de propietat intel\u00b7lectual i<br\/>industrial, no implicant la seva sola menci\u00f3 o aparici\u00f3 al lloc web l&#8217;exist\u00e8ncia de drets o responsabilitat<br\/>alguna sobre aquests, com tampoc suport, patrocini o recomanaci\u00f3 per part del mateix.<br\/><br\/>Per fer qualsevol tipus d&#8217;observaci\u00f3 respecte a possibles incompliments dels drets de propietat<br\/>intel\u00b7lectual o industrial, aix\u00ed com sobre qualsevol dels continguts del lloc web, ho pot fer a trav\u00e9s del<br\/>correu electr\u00f2nic <a href=\"mailto:info@laby.es\">info@laby.es.<\/a><\/li>\n\n\n\n<li><strong>EXEMPCI\u00d3 DE RESPONSABILITATS<\/strong><br\/><br\/>El RESPONSABLE s&#8217;eximeix de qualsevol tipus de responsabilitat derivada de la informaci\u00f3 publicada al vostre lloc<br\/>web sempre que aquesta informaci\u00f3 hagi estat manipulada o introdu\u00efda per un tercer ali\u00e8 a aquest.<br\/><br\/><strong>\u00das de Cookies<\/strong><br\/><br\/>Aquest lloc web pot utilitzar cookies t\u00e8cniques (petits fitxers d&#8217;informaci\u00f3 que el servidor envia al<br\/>ordinador de qui accedeix a la p\u00e0gina) per dur a terme determinades funcions que s\u00f3n considerades<br\/>imprescindibles per al correcte funcionament i visualitzaci\u00f3 del lloc. Les galetes utilitzades tenen, en tot<br\/>cas, car\u00e0cter temporal, amb l&#8217;\u00fanica finalitat de fer m\u00e9s efica\u00e7 la navegaci\u00f3, i desapareixen en acabar la<br\/>sessi\u00f3 de lusuari. En cap cas, aquestes cookies proporcionen per si mateixes dades de car\u00e0cter personal i no es<br\/>utilitzaran per a la recollida dels mateixos.  <br\/><br\/>Mitjan\u00e7ant l&#8217;\u00fas de cookies tamb\u00e9 \u00e9s possible que el servidor on es troba la web reconegui el<br\/>navegador utilitzat per l&#8217;usuari amb la finalitat que la navegaci\u00f3 sigui m\u00e9s senzilla, permetent, per<br\/>exemple, l&#8217;acc\u00e9s dels usuaris que s&#8217;hagin registrat pr\u00e8viament a les \u00e0rees, serveis, promocions o<br\/>concursos reservats exclusivament a ells sense haver de registrar-se a cada visita. Tamb\u00e9 es poden utilitzar<br\/>per mesurar l&#8217;audi\u00e8ncia, par\u00e0metres de tr\u00e0nsit, controlar el progr\u00e9s i el nombre d&#8217;entrades, etc., sent en aquests<br\/>casos galetes prescindibles t\u00e8cnicament, per\u00f2 beneficioses per a l&#8217;usuari. Aquest lloc web no instal\u00b7lar\u00e0 cookies<br\/>prescindibles sense el consentiment previ de lusuari.  <br\/><br\/>L&#8217;usuari t\u00e9 la possibilitat de configurar el vostre navegador per ser alertat de la recepci\u00f3 de cookies i per<br\/>impedir la seva instal\u00b7laci\u00f3 al vostre equip. Si us plau, consulteu les instruccions del vostre navegador per ampliar aquesta<br\/>informaci\u00f3. <br\/><br\/><strong>Pol\u00edtica d&#8217;enlla\u00e7os<\/strong>  <br\/><br\/>El RESPONSABLE no es fa responsable de la informaci\u00f3 i continguts emmagatzemats, a t\u00edtol enunciatiu, per\u00f2<br\/>no limitatiu, en f\u00f2rums, xats, generadors de blocs, comentaris, xarxes socials o qualsevol altre mitj\u00e0 que<br\/>permeti a tercers publicar continguts de forma independent a la p\u00e0gina web del RESPONSABLE. Sense<br\/>tanmateix, i en compliment del que disposen els articles 11 i 16 de la LSSICE, es posa a disposici\u00f3 de tots<br\/>els usuaris, autoritats i forces de seguretat, col\u00b7laborant de forma activa en la retirada o, si escau,<br\/>bloqueig de tots aquells continguts que puguin afectar o contravenir la legislaci\u00f3 nacional o internacional,<br\/>els drets de tercers o la moral i lordre p\u00fablic. En cas que l&#8217;usuari consideri que existeix al lloc<br\/>web algun contingut que pogu\u00e9s ser susceptible d&#8217;aquesta classificaci\u00f3, es prega ho notifiqui de forma immediata<br\/>a l&#8217;administrador del lloc web.  <br\/><br\/>Aquest lloc web ha estat revisat i provat perqu\u00e8 funcioni correctament. En principi, es pot garantir el<br\/>funcionament correcte els 365 dies de l&#8217;any, 24 hores al dia. Tot i aix\u00f2, el RESPONSABLE no descarta la<br\/>possibilitat que hi hagi certs errors de programaci\u00f3, o que esdevinguin causes de for\u00e7a major,<br\/>cat\u00e0strofes naturals, vagues o circumst\u00e0ncies semblants que facin impossible accedir a la p\u00e0gina web.  <br\/><br\/><strong>Adreces IP<br\/><\/strong><br\/>Els servidors del lloc web podran detectar autom\u00e0ticament l&#8217;adre\u00e7a IP i el nom de domini<br\/>utilitzats per l&#8217;usuari Una adre\u00e7a IP \u00e9s un n\u00famero assignat autom\u00e0ticament a un ordinador quan aquest<br\/>es connecta a Internet. Tota aquesta informaci\u00f3 es registra en un fitxer d&#8217;activitat del servidor degudament<br\/>inscrit que permet el posterior processament de les dades per tal d&#8217;obtenir mesures \u00fanicament<br\/>estad\u00edstiques que permetin con\u00e8ixer el nom d&#8217;impressions de p\u00e0gines, el nom de visites realitzades als<br\/>servidors web, ordre de visites, punt d&#8217;acc\u00e9s, etc.  <\/li>\n\n\n\n<li><strong>LLEI APLICABLE I JURISDICCI\u00d3<\/strong><br\/><br\/><br\/>La llei aplicable en cas de disputa o conflicte dinterpretaci\u00f3 dels termes que conformen els textos<br\/>legals, aix\u00ed com qualsevol q\u00fcesti\u00f3 relacionada amb els serveis de la present web, ser\u00e0 la llei espanyola.<br\/>Darrera actualitzaci\u00f3: 20\/02\/2024<\/li>\n\n\n\n<li><br\/><\/li>\n<\/ol>\n\n<p><\/p>\n","protected":false},"excerpt":{"rendered":"<p>LLEI DELS SERVEIS DE LA SOCIETAT DE LA INFORMACI\u00d3 (LSSI) Document PDF Av\u00eds Legal LABY APLICACIONS T\u00c8CNIQUES, S.L., responsable del lloc web, d&#8217;ara endavant RESPONSABLE, posa a disposici\u00f3 dels usuaris el present document, amb el qual pret\u00e9n donar compliment a les obligacions disposades a laLlei 34\/2002, d&#8217;11 de juliol, de serveis de la societat de [&hellip;]<\/p>\n","protected":false},"author":6,"featured_media":0,"parent":0,"menu_order":0,"comment_status":"closed","ping_status":"closed","template":"","meta":{"footnotes":""},"categories":[],"tags":[],"class_list":["post-9682","page","type-page","status-publish","hentry"],"yoast_head":"<!-- This site is optimized with the Yoast SEO plugin v27.3 - https:\/\/yoast.com\/product\/yoast-seo-wordpress\/ -->\n<title>Av\u00eds Legal - Laby<\/title>\n<meta name=\"robots\" content=\"noindex, nofollow\" \/>\n<meta property=\"og:locale\" content=\"ca_ES\" \/>\n<meta property=\"og:type\" content=\"article\" \/>\n<meta property=\"og:title\" content=\"Av\u00eds Legal - Laby\" \/>\n<meta property=\"og:description\" content=\"LLEI DELS SERVEIS DE LA SOCIETAT DE LA INFORMACI\u00d3 (LSSI) Document PDF Av\u00eds Legal LABY APLICACIONS T\u00c8CNIQUES, S.L., responsable del lloc web, d&#8217;ara endavant RESPONSABLE, posa a disposici\u00f3 dels usuaris el present document, amb el qual pret\u00e9n donar compliment a les obligacions disposades a laLlei 34\/2002, d&#8217;11 de juliol, de serveis de la societat de [&hellip;]\" \/>\n<meta property=\"og:url\" content=\"https:\/\/laby.es\/ca\/avis-legal\/\" \/>\n<meta property=\"og:site_name\" content=\"Laby\" \/>\n<meta property=\"article:modified_time\" content=\"2025-06-15T08:33:25+00:00\" \/>\n<meta property=\"og:image\" content=\"https:\/\/laby.es\/wp-content\/uploads\/2022\/11\/laby_forever_data-scaled.jpg\" \/>\n\t<meta property=\"og:image:width\" content=\"2560\" \/>\n\t<meta property=\"og:image:height\" content=\"1152\" \/>\n\t<meta property=\"og:image:type\" content=\"image\/jpeg\" \/>\n<meta name=\"twitter:card\" content=\"summary_large_image\" \/>\n<meta name=\"twitter:label1\" content=\"Temps estimat de lectura\" \/>\n\t<meta name=\"twitter:data1\" content=\"6 minuts\" \/>\n<script type=\"application\/ld+json\" class=\"yoast-schema-graph\">{\"@context\":\"https:\\\/\\\/schema.org\",\"@graph\":[{\"@type\":\"WebPage\",\"@id\":\"https:\\\/\\\/laby.es\\\/ca\\\/avis-legal\\\/\",\"url\":\"https:\\\/\\\/laby.es\\\/ca\\\/avis-legal\\\/\",\"name\":\"Av\u00eds Legal - Laby\",\"isPartOf\":{\"@id\":\"https:\\\/\\\/laby.es\\\/es\\\/#website\"},\"datePublished\":\"2022-09-28T12:37:30+00:00\",\"dateModified\":\"2025-06-15T08:33:25+00:00\",\"breadcrumb\":{\"@id\":\"https:\\\/\\\/laby.es\\\/ca\\\/avis-legal\\\/#breadcrumb\"},\"inLanguage\":\"ca\",\"potentialAction\":[{\"@type\":\"ReadAction\",\"target\":[\"https:\\\/\\\/laby.es\\\/ca\\\/avis-legal\\\/\"]}]},{\"@type\":\"BreadcrumbList\",\"@id\":\"https:\\\/\\\/laby.es\\\/ca\\\/avis-legal\\\/#breadcrumb\",\"itemListElement\":[{\"@type\":\"ListItem\",\"position\":1,\"name\":\"Portada\",\"item\":\"https:\\\/\\\/laby.es\\\/ca\\\/\"},{\"@type\":\"ListItem\",\"position\":2,\"name\":\"Av\u00eds Legal\"}]},{\"@type\":\"WebSite\",\"@id\":\"https:\\\/\\\/laby.es\\\/es\\\/#website\",\"url\":\"https:\\\/\\\/laby.es\\\/es\\\/\",\"name\":\"Laby\",\"description\":\"Servicio de recuperaci\u00f3n de datos en Barcelona\",\"publisher\":{\"@id\":\"https:\\\/\\\/laby.es\\\/es\\\/#organization\"},\"potentialAction\":[{\"@type\":\"SearchAction\",\"target\":{\"@type\":\"EntryPoint\",\"urlTemplate\":\"https:\\\/\\\/laby.es\\\/es\\\/?s={search_term_string}\"},\"query-input\":{\"@type\":\"PropertyValueSpecification\",\"valueRequired\":true,\"valueName\":\"search_term_string\"}}],\"inLanguage\":\"ca\"},{\"@type\":\"Organization\",\"@id\":\"https:\\\/\\\/laby.es\\\/es\\\/#organization\",\"name\":\"Laby\",\"url\":\"https:\\\/\\\/laby.es\\\/es\\\/\",\"logo\":{\"@type\":\"ImageObject\",\"inLanguage\":\"ca\",\"@id\":\"https:\\\/\\\/laby.es\\\/es\\\/#\\\/schema\\\/logo\\\/image\\\/\",\"url\":\"https:\\\/\\\/laby.es\\\/wp-content\\\/uploads\\\/2022\\\/08\\\/logo-laby.png\",\"contentUrl\":\"https:\\\/\\\/laby.es\\\/wp-content\\\/uploads\\\/2022\\\/08\\\/logo-laby.png\",\"width\":150,\"height\":42,\"caption\":\"Laby\"},\"image\":{\"@id\":\"https:\\\/\\\/laby.es\\\/es\\\/#\\\/schema\\\/logo\\\/image\\\/\"}}]}<\/script>\n<!-- \/ Yoast SEO plugin. -->","yoast_head_json":{"title":"Av\u00eds Legal - Laby","robots":{"index":"noindex","follow":"nofollow"},"og_locale":"ca_ES","og_type":"article","og_title":"Av\u00eds Legal - Laby","og_description":"LLEI DELS SERVEIS DE LA SOCIETAT DE LA INFORMACI\u00d3 (LSSI) Document PDF Av\u00eds Legal LABY APLICACIONS T\u00c8CNIQUES, S.L., responsable del lloc web, d&#8217;ara endavant RESPONSABLE, posa a disposici\u00f3 dels usuaris el present document, amb el qual pret\u00e9n donar compliment a les obligacions disposades a laLlei 34\/2002, d&#8217;11 de juliol, de serveis de la societat de [&hellip;]","og_url":"https:\/\/laby.es\/ca\/avis-legal\/","og_site_name":"Laby","article_modified_time":"2025-06-15T08:33:25+00:00","og_image":[{"width":2560,"height":1152,"url":"https:\/\/laby.es\/wp-content\/uploads\/2022\/11\/laby_forever_data-scaled.jpg","type":"image\/jpeg"}],"twitter_card":"summary_large_image","twitter_misc":{"Temps estimat de lectura":"6 minuts"},"schema":{"@context":"https:\/\/schema.org","@graph":[{"@type":"WebPage","@id":"https:\/\/laby.es\/ca\/avis-legal\/","url":"https:\/\/laby.es\/ca\/avis-legal\/","name":"Av\u00eds Legal - Laby","isPartOf":{"@id":"https:\/\/laby.es\/es\/#website"},"datePublished":"2022-09-28T12:37:30+00:00","dateModified":"2025-06-15T08:33:25+00:00","breadcrumb":{"@id":"https:\/\/laby.es\/ca\/avis-legal\/#breadcrumb"},"inLanguage":"ca","potentialAction":[{"@type":"ReadAction","target":["https:\/\/laby.es\/ca\/avis-legal\/"]}]},{"@type":"BreadcrumbList","@id":"https:\/\/laby.es\/ca\/avis-legal\/#breadcrumb","itemListElement":[{"@type":"ListItem","position":1,"name":"Portada","item":"https:\/\/laby.es\/ca\/"},{"@type":"ListItem","position":2,"name":"Av\u00eds Legal"}]},{"@type":"WebSite","@id":"https:\/\/laby.es\/es\/#website","url":"https:\/\/laby.es\/es\/","name":"Laby","description":"Servicio de recuperaci\u00f3n de datos en Barcelona","publisher":{"@id":"https:\/\/laby.es\/es\/#organization"},"potentialAction":[{"@type":"SearchAction","target":{"@type":"EntryPoint","urlTemplate":"https:\/\/laby.es\/es\/?s={search_term_string}"},"query-input":{"@type":"PropertyValueSpecification","valueRequired":true,"valueName":"search_term_string"}}],"inLanguage":"ca"},{"@type":"Organization","@id":"https:\/\/laby.es\/es\/#organization","name":"Laby","url":"https:\/\/laby.es\/es\/","logo":{"@type":"ImageObject","inLanguage":"ca","@id":"https:\/\/laby.es\/es\/#\/schema\/logo\/image\/","url":"https:\/\/laby.es\/wp-content\/uploads\/2022\/08\/logo-laby.png","contentUrl":"https:\/\/laby.es\/wp-content\/uploads\/2022\/08\/logo-laby.png","width":150,"height":42,"caption":"Laby"},"image":{"@id":"https:\/\/laby.es\/es\/#\/schema\/logo\/image\/"}}]}},"_links":{"self":[{"href":"https:\/\/laby.es\/ca\/wp-json\/wp\/v2\/pages\/9682","targetHints":{"allow":["GET"]}}],"collection":[{"href":"https:\/\/laby.es\/ca\/wp-json\/wp\/v2\/pages"}],"about":[{"href":"https:\/\/laby.es\/ca\/wp-json\/wp\/v2\/types\/page"}],"author":[{"embeddable":true,"href":"https:\/\/laby.es\/ca\/wp-json\/wp\/v2\/users\/6"}],"replies":[{"embeddable":true,"href":"https:\/\/laby.es\/ca\/wp-json\/wp\/v2\/comments?post=9682"}],"version-history":[{"count":3,"href":"https:\/\/laby.es\/ca\/wp-json\/wp\/v2\/pages\/9682\/revisions"}],"predecessor-version":[{"id":18527,"href":"https:\/\/laby.es\/ca\/wp-json\/wp\/v2\/pages\/9682\/revisions\/18527"}],"wp:attachment":[{"href":"https:\/\/laby.es\/ca\/wp-json\/wp\/v2\/media?parent=9682"}],"wp:term":[{"taxonomy":"category","embeddable":true,"href":"https:\/\/laby.es\/ca\/wp-json\/wp\/v2\/categories?post=9682"},{"taxonomy":"post_tag","embeddable":true,"href":"https:\/\/laby.es\/ca\/wp-json\/wp\/v2\/tags?post=9682"}],"curies":[{"name":"wp","href":"https:\/\/api.w.org\/{rel}","templated":true}]}}